{"id":414,"date":"2024-06-15T15:31:02","date_gmt":"2024-06-15T13:31:02","guid":{"rendered":"http:\/\/127.0.0.1\/eka-groupe\/?page_id=414"},"modified":"2025-04-03T15:49:14","modified_gmt":"2025-04-03T13:49:14","slug":"construction-de-routes-ponts-et-batiments","status":"publish","type":"page","link":"https:\/\/eis-ekagroup.com\/?page_id=414","title":{"rendered":"Construction de Routes, Ponts et B\u00e2timents"},"content":{"rendered":"<style>.elementor-414 .elementor-element.elementor-element-fa974d4{--display:flex;--flex-direction:column;--container-widget-width:100%;--container-widget-height:initial;--container-widget-flex-grow:0;--container-widget-align-self:initial;--flex-wrap-mobile:wrap;--padding-top:60px;--padding-bottom:60px;--padding-left:0px;--padding-right:0px;}.elementor-414 .elementor-element.elementor-element-fa974d4:not(.elementor-motion-effects-element-type-background), .elementor-414 .elementor-element.elementor-element-fa974d4 > .elementor-motion-effects-container > .elementor-motion-effects-layer{background-image:url(\"https:\/\/eis-ekagroup.com\/wp-content\/uploads\/2024\/06\/shape19-2-1-150x150-1.png\");}.elementor-widget-heading .elementor-heading-title{font-family:var( --e-global-typography-primary-font-family ), Sans-serif;font-weight:var( --e-global-typography-primary-font-weight );color:var( --e-global-color-primary );}.elementor-414 .elementor-element.elementor-element-56e6ab3{text-align:center;}.elementor-414 .elementor-element.elementor-element-56e6ab3 .elementor-heading-title{font-family:\"Poppins\", Sans-serif;font-size:2.5rem;font-weight:700;line-height:1.2em;color:#000000;}.elementor-414 .elementor-element.elementor-element-e6151ae{--display:flex;--flex-direction:row;--container-widget-width:initial;--container-widget-height:100%;--container-widget-flex-grow:1;--container-widget-align-self:stretch;--flex-wrap-mobile:wrap;--gap:0px 40px;--row-gap:0px;--column-gap:40px;}.elementor-widget-image-gallery .gallery-item .gallery-caption{font-family:var( --e-global-typography-accent-font-family ), Sans-serif;font-weight:var( --e-global-typography-accent-font-weight );}.elementor-414 .elementor-element.elementor-element-386f2dc .gallery-item{padding:0 7px 7px 0;}.elementor-414 .elementor-element.elementor-element-386f2dc .gallery{margin:0 -7px -7px 0;}.elementor-414 .elementor-element.elementor-element-386f2dc .gallery-item .gallery-caption{text-align:center;}.elementor-414 .elementor-element.elementor-element-386f2dc{width:var( --container-widget-width, 41.674% );max-width:41.674%;--container-widget-width:41.674%;--container-widget-flex-grow:0;}.elementor-414 .elementor-element.elementor-element-386f2dc.elementor-element{--flex-grow:0;--flex-shrink:0;}.elementor-widget-text-editor{font-family:var( --e-global-typography-text-font-family ), Sans-serif;font-weight:var( --e-global-typography-text-font-weight );color:var( --e-global-color-text );}.elementor-widget-text-editor.elementor-drop-cap-view-stacked .elementor-drop-cap{background-color:var( --e-global-color-primary );}.elementor-widget-text-editor.elementor-drop-cap-view-framed .elementor-drop-cap, .elementor-widget-text-editor.elementor-drop-cap-view-default .elementor-drop-cap{color:var( --e-global-color-primary );border-color:var( --e-global-color-primary );}.elementor-414 .elementor-element.elementor-element-40f1bcf{color:#383838;}.elementor-414 .elementor-element.elementor-element-e5ae83b{--display:flex;--flex-direction:column;--container-widget-width:100%;--container-widget-height:initial;--container-widget-flex-grow:0;--container-widget-align-self:initial;--flex-wrap-mobile:wrap;--padding-top:050px;--padding-bottom:50px;--padding-left:0px;--padding-right:0px;}.elementor-414 .elementor-element.elementor-element-e5ae83b:not(.elementor-motion-effects-element-type-background), .elementor-414 .elementor-element.elementor-element-e5ae83b > .elementor-motion-effects-container > .elementor-motion-effects-layer{background-color:#231F20;background-image:url(\"https:\/\/eis-ekagroup.com\/wp-content\/uploads\/2024\/06\/shape34-2-1.png\");}.elementor-414 .elementor-element.elementor-element-ed3566d{text-align:center;}.elementor-414 .elementor-element.elementor-element-ed3566d .elementor-heading-title{font-family:\"Poppins\", Sans-serif;font-size:2.5rem;font-weight:700;line-height:1.2em;color:#ED1C24;}.elementor-414 .elementor-element.elementor-element-d8b92ce{--e-image-carousel-slides-to-show:3;}.elementor-414 .elementor-element.elementor-element-d8b92ce .elementor-swiper-button.elementor-swiper-button-prev, .elementor-414 .elementor-element.elementor-element-d8b92ce .elementor-swiper-button.elementor-swiper-button-next{font-size:28px;color:#ED1C24;}.elementor-414 .elementor-element.elementor-element-d8b92ce .elementor-swiper-button.elementor-swiper-button-prev svg, .elementor-414 .elementor-element.elementor-element-d8b92ce .elementor-swiper-button.elementor-swiper-button-next svg{fill:#ED1C24;}.elementor-414 .elementor-element.elementor-element-d8b92ce .swiper-pagination-bullet{width:8px;height:8px;background:#ED1C24;}.elementor-414 .elementor-element.elementor-element-d8b92ce .swiper-pagination-bullet:not(.swiper-pagination-bullet-active){background:#E2E2E2;opacity:1;}@media(max-width:1024px){.elementor-414 .elementor-element.elementor-element-56e6ab3{width:100%;max-width:100%;}.elementor-414 .elementor-element.elementor-element-ed3566d{width:100%;max-width:100%;}}@media(max-width:767px){.elementor-414 .elementor-element.elementor-element-56e6ab3 .elementor-heading-title{font-size:1.4rem;}.elementor-414 .elementor-element.elementor-element-ed3566d .elementor-heading-title{font-size:1.4rem;}}<\/style>\t\t<div data-elementor-type=\"wp-page\" data-elementor-id=\"414\" class=\"elementor elementor-414\">\n\t\t\t\t<div class=\"elementor-element elementor-element-fa974d4 e-flex e-con-boxed wpr-particle-no wpr-jarallax-no wpr-parallax-no wpr-sticky-section-no e-con e-parent\" data-id=\"fa974d4\" data-element_type=\"container\" data-e-type=\"container\" data-settings=\"{&quot;background_background&quot;:&quot;classic&quot;}\">\n\t\t\t\t\t<div class=\"e-con-inner\">\n\t\t\t\t<div class=\"elementor-element elementor-element-56e6ab3 elementor-widget-tablet__width-inherit elementor-widget elementor-widget-heading\" data-id=\"56e6ab3\" data-element_type=\"widget\" data-e-type=\"widget\" data-widget_type=\"heading.default\">\n\t\t\t\t<div class=\"elementor-widget-container\">\n\t\t\t\t\t<h2 class=\"elementor-heading-title elementor-size-default\">Construction de Routes, Ponts et B\u00e2timents<\/h2>\t\t\t\t<\/div>\n\t\t\t\t<\/div>\n\t\t<div class=\"elementor-element elementor-element-e6151ae e-flex e-con-boxed wpr-particle-no wpr-jarallax-no wpr-parallax-no wpr-sticky-section-no e-con e-child\" data-id=\"e6151ae\" data-element_type=\"container\" data-e-type=\"container\">\n\t\t\t\t\t<div class=\"e-con-inner\">\n\t\t\t\t<div class=\"elementor-element elementor-element-386f2dc gallery-spacing-custom elementor-widget__width-initial elementor-widget elementor-widget-image-gallery\" data-id=\"386f2dc\" data-element_type=\"widget\" data-e-type=\"widget\" data-widget_type=\"image-gallery.default\">\n\t\t\t\t<div class=\"elementor-widget-container\">\n\t\t\t\t\t\t\t<div class=\"elementor-image-gallery\">\n\t\t\t<div id='gallery-1' class='gallery galleryid-414 gallery-columns-2 gallery-size-full'><figure class='gallery-item'>\n\t\t\t<div class='gallery-icon landscape'>\n\t\t\t\t<a data-elementor-open-lightbox=\"yes\" data-elementor-lightbox-slideshow=\"386f2dc\" data-elementor-lightbox-title=\"29-300x200\" data-e-action-hash=\"#elementor-action%3Aaction%3Dlightbox%26settings%3DeyJpZCI6NDM5LCJ1cmwiOiJodHRwczpcL1wvZWlzLWVrYWdyb3VwLmNvbVwvd3AtY29udGVudFwvdXBsb2Fkc1wvMjAyNFwvMDZcLzI5LTMwMHgyMDAtMS5qcGVnIiwic2xpZGVzaG93IjoiMzg2ZjJkYyJ9\" href='https:\/\/eis-ekagroup.com\/wp-content\/uploads\/2024\/06\/29-300x200-1.jpeg'><img fetchpriority=\"high\" decoding=\"async\" width=\"300\" height=\"200\" src=\"https:\/\/eis-ekagroup.com\/wp-content\/uploads\/2024\/06\/29-300x200-1.jpeg\" class=\"attachment-full size-full\" alt=\"\" \/><\/a>\n\t\t\t<\/div><\/figure><figure class='gallery-item'>\n\t\t\t<div class='gallery-icon landscape'>\n\t\t\t\t<a data-elementor-open-lightbox=\"yes\" data-elementor-lightbox-slideshow=\"386f2dc\" data-elementor-lightbox-title=\"22-300x200\" data-e-action-hash=\"#elementor-action%3Aaction%3Dlightbox%26settings%3DeyJpZCI6NDMyLCJ1cmwiOiJodHRwczpcL1wvZWlzLWVrYWdyb3VwLmNvbVwvd3AtY29udGVudFwvdXBsb2Fkc1wvMjAyNFwvMDZcLzIyLTMwMHgyMDAtMS5qcGVnIiwic2xpZGVzaG93IjoiMzg2ZjJkYyJ9\" href='https:\/\/eis-ekagroup.com\/wp-content\/uploads\/2024\/06\/22-300x200-1.jpeg'><img decoding=\"async\" width=\"300\" height=\"200\" src=\"https:\/\/eis-ekagroup.com\/wp-content\/uploads\/2024\/06\/22-300x200-1.jpeg\" class=\"attachment-full size-full\" alt=\"\" \/><\/a>\n\t\t\t<\/div><\/figure><figure class='gallery-item'>\n\t\t\t<div class='gallery-icon landscape'>\n\t\t\t\t<a data-elementor-open-lightbox=\"yes\" data-elementor-lightbox-slideshow=\"386f2dc\" data-elementor-lightbox-title=\"Screenshot_20240713-2230442\" data-e-action-hash=\"#elementor-action%3Aaction%3Dlightbox%26settings%3DeyJpZCI6MTI4OSwidXJsIjoiaHR0cHM6XC9cL2Vpcy1la2Fncm91cC5jb21cL3dwLWNvbnRlbnRcL3VwbG9hZHNcLzIwMjRcLzA3XC9TY3JlZW5zaG90XzIwMjQwNzEzLTIyMzA0NDIud2VicCIsInNsaWRlc2hvdyI6IjM4NmYyZGMifQ%3D%3D\" href='https:\/\/eis-ekagroup.com\/wp-content\/uploads\/2024\/07\/Screenshot_20240713-2230442.webp'><img decoding=\"async\" width=\"1080\" height=\"776\" src=\"https:\/\/eis-ekagroup.com\/wp-content\/uploads\/2024\/07\/Screenshot_20240713-2230442.webp\" class=\"attachment-full size-full\" alt=\"\" srcset=\"https:\/\/eis-ekagroup.com\/wp-content\/uploads\/2024\/07\/Screenshot_20240713-2230442.webp 1080w, https:\/\/eis-ekagroup.com\/wp-content\/uploads\/2024\/07\/Screenshot_20240713-2230442-300x216.webp 300w, https:\/\/eis-ekagroup.com\/wp-content\/uploads\/2024\/07\/Screenshot_20240713-2230442-1024x736.webp 1024w, https:\/\/eis-ekagroup.com\/wp-content\/uploads\/2024\/07\/Screenshot_20240713-2230442-768x552.webp 768w\" sizes=\"(max-width: 1080px) 100vw, 1080px\" \/><\/a>\n\t\t\t<\/div><\/figure><figure class='gallery-item'>\n\t\t\t<div class='gallery-icon landscape'>\n\t\t\t\t<a data-elementor-open-lightbox=\"yes\" data-elementor-lightbox-slideshow=\"386f2dc\" data-elementor-lightbox-title=\"Screenshot_20240713-2231082\" data-e-action-hash=\"#elementor-action%3Aaction%3Dlightbox%26settings%3DeyJpZCI6MTI5MCwidXJsIjoiaHR0cHM6XC9cL2Vpcy1la2Fncm91cC5jb21cL3dwLWNvbnRlbnRcL3VwbG9hZHNcLzIwMjRcLzA3XC9TY3JlZW5zaG90XzIwMjQwNzEzLTIyMzEwODIud2VicCIsInNsaWRlc2hvdyI6IjM4NmYyZGMifQ%3D%3D\" href='https:\/\/eis-ekagroup.com\/wp-content\/uploads\/2024\/07\/Screenshot_20240713-2231082.webp'><img loading=\"lazy\" decoding=\"async\" width=\"300\" height=\"198\" src=\"https:\/\/eis-ekagroup.com\/wp-content\/uploads\/2024\/07\/Screenshot_20240713-2231082.webp\" class=\"attachment-full size-full\" alt=\"\" \/><\/a>\n\t\t\t<\/div><\/figure>\n\t\t<\/div>\n\t\t<\/div>\n\t\t\t\t\t\t<\/div>\n\t\t\t\t<\/div>\n\t\t\t\t<div class=\"elementor-element elementor-element-40f1bcf elementor-widget elementor-widget-text-editor\" data-id=\"40f1bcf\" data-element_type=\"widget\" data-e-type=\"widget\" data-widget_type=\"text-editor.default\">\n\t\t\t\t<div class=\"elementor-widget-container\">\n\t\t\t\t\t\t\t\t\t<p>Le d\u00e9veloppement de l\u2019infrastructure sociale est un \u00e9l\u00e9ment essentiel et l\u2019obligation morale de tous les pays et est essentiel pour le progr\u00e8s d\u2019une nation. Que ce soit les routes et autoroutes, les syst\u00e8mes de transport public, l\u2019\u00e9ducation ou la sant\u00e9, ils font tous partie de la responsabilit\u00e9 de l\u2019\u00e9tat pour la population du pays. Cela se traduit par de meilleures conditions de vie et a un impact direct sur la croissance \u00e9conomique<\/p><div class=\"hydra-div\"><p><a name=\"hydro\"><\/a><\/p><p class=\"padding_bottom\">Le Groupe EIS-EKA entreprend des projets cl\u00e9s en main dans le secteur rural ainsi que le secteur urbain comme suit :<\/p><ul><li>La sant\u00e9,\u00a0L\u2019\u00e9ducation\u00a0<\/li><li>Les logements, Le transport<\/li><\/ul><p>Le Groupe EIS-EKA s\u2019engage \u00e0 partir de la conception \u00e0 la mise en service et au-del\u00e0, y compris les initiatives de la gestion et du support technique.<\/p><\/div>\t\t\t\t\t\t\t\t<\/div>\n\t\t\t\t<\/div>\n\t\t\t\t\t<\/div>\n\t\t\t\t<\/div>\n\t\t\t\t\t<\/div>\n\t\t\t\t<\/div>\n\t\t<div class=\"elementor-element elementor-element-e5ae83b e-flex e-con-boxed wpr-particle-no wpr-jarallax-no wpr-parallax-no wpr-sticky-section-no e-con e-parent\" data-id=\"e5ae83b\" data-element_type=\"container\" data-e-type=\"container\" data-settings=\"{&quot;background_background&quot;:&quot;classic&quot;}\">\n\t\t\t\t\t<div class=\"e-con-inner\">\n\t\t\t\t<div class=\"elementor-element elementor-element-ed3566d elementor-widget-tablet__width-inherit elementor-widget elementor-widget-heading\" data-id=\"ed3566d\" data-element_type=\"widget\" data-e-type=\"widget\" data-widget_type=\"heading.default\">\n\t\t\t\t<div class=\"elementor-widget-container\">\n\t\t\t\t\t<h2 class=\"elementor-heading-title elementor-size-default\">Galerie des travaux<\/h2>\t\t\t\t<\/div>\n\t\t\t\t<\/div>\n\t\t\t\t<div class=\"elementor-element elementor-element-d8b92ce elementor-arrows-position-outside elementor-pagination-position-outside elementor-widget elementor-widget-image-carousel\" data-id=\"d8b92ce\" data-element_type=\"widget\" data-e-type=\"widget\" data-settings=\"{&quot;slides_to_show&quot;:&quot;3&quot;,&quot;image_spacing_custom&quot;:{&quot;unit&quot;:&quot;px&quot;,&quot;size&quot;:2,&quot;sizes&quot;:[]},&quot;navigation&quot;:&quot;both&quot;,&quot;autoplay&quot;:&quot;yes&quot;,&quot;pause_on_hover&quot;:&quot;yes&quot;,&quot;pause_on_interaction&quot;:&quot;yes&quot;,&quot;autoplay_speed&quot;:5000,&quot;infinite&quot;:&quot;yes&quot;,&quot;speed&quot;:500,&quot;image_spacing_custom_tablet&quot;:{&quot;unit&quot;:&quot;px&quot;,&quot;size&quot;:&quot;&quot;,&quot;sizes&quot;:[]},&quot;image_spacing_custom_mobile&quot;:{&quot;unit&quot;:&quot;px&quot;,&quot;size&quot;:&quot;&quot;,&quot;sizes&quot;:[]}}\" data-widget_type=\"image-carousel.default\">\n\t\t\t\t<div class=\"elementor-widget-container\">\n\t\t\t\t\t\t\t<div class=\"elementor-image-carousel-wrapper swiper\" role=\"region\" aria-roledescription=\"carousel\" aria-label=\"Carrousel d\u2019images\" dir=\"ltr\">\n\t\t\t<div class=\"elementor-image-carousel swiper-wrapper\" aria-live=\"off\">\n\t\t\t\t\t\t\t\t<div class=\"swiper-slide\" role=\"group\" aria-roledescription=\"slide\" aria-label=\"1 sur 25\"><figure class=\"swiper-slide-inner\"><img decoding=\"async\" class=\"swiper-slide-image\" src=\"https:\/\/eis-ekagroup.com\/wp-content\/uploads\/2024\/06\/20-1024x768-1-300x200-1.jpeg\" alt=\"20-1024x768-1-300x200\" \/><\/figure><\/div><div class=\"swiper-slide\" role=\"group\" aria-roledescription=\"slide\" aria-label=\"2 sur 25\"><figure class=\"swiper-slide-inner\"><img decoding=\"async\" class=\"swiper-slide-image\" src=\"https:\/\/eis-ekagroup.com\/wp-content\/uploads\/2024\/06\/4-1-300x200-1.jpeg\" alt=\"4-1-300x200\" \/><\/figure><\/div><div class=\"swiper-slide\" role=\"group\" aria-roledescription=\"slide\" aria-label=\"3 sur 25\"><figure class=\"swiper-slide-inner\"><img decoding=\"async\" class=\"swiper-slide-image\" src=\"https:\/\/eis-ekagroup.com\/wp-content\/uploads\/2024\/06\/24-300x200-2.jpeg\" alt=\"24-300x200\" \/><\/figure><\/div><div class=\"swiper-slide\" role=\"group\" aria-roledescription=\"slide\" aria-label=\"4 sur 25\"><figure class=\"swiper-slide-inner\"><img decoding=\"async\" class=\"swiper-slide-image\" src=\"https:\/\/eis-ekagroup.com\/wp-content\/uploads\/2024\/06\/16-1-300x200-1.jpeg\" alt=\"16-1-300x200\" \/><\/figure><\/div><div class=\"swiper-slide\" role=\"group\" aria-roledescription=\"slide\" aria-label=\"5 sur 25\"><figure class=\"swiper-slide-inner\"><img decoding=\"async\" class=\"swiper-slide-image\" src=\"https:\/\/eis-ekagroup.com\/wp-content\/uploads\/2024\/06\/29-300x200-1.jpeg\" alt=\"29-300x200\" \/><\/figure><\/div><div class=\"swiper-slide\" role=\"group\" aria-roledescription=\"slide\" aria-label=\"6 sur 25\"><figure class=\"swiper-slide-inner\"><img decoding=\"async\" class=\"swiper-slide-image\" src=\"https:\/\/eis-ekagroup.com\/wp-content\/uploads\/2024\/06\/30-300x200-1.jpeg\" alt=\"30-300x200\" \/><\/figure><\/div><div class=\"swiper-slide\" role=\"group\" aria-roledescription=\"slide\" aria-label=\"7 sur 25\"><figure class=\"swiper-slide-inner\"><img decoding=\"async\" class=\"swiper-slide-image\" src=\"https:\/\/eis-ekagroup.com\/wp-content\/uploads\/2024\/06\/background-300x200-1.jpg\" alt=\"background-300x200\" \/><\/figure><\/div><div class=\"swiper-slide\" role=\"group\" aria-roledescription=\"slide\" aria-label=\"8 sur 25\"><figure class=\"swiper-slide-inner\"><img decoding=\"async\" class=\"swiper-slide-image\" src=\"https:\/\/eis-ekagroup.com\/wp-content\/uploads\/2024\/06\/5-1-300x200-1.jpeg\" alt=\"5-1-300x200\" \/><\/figure><\/div><div class=\"swiper-slide\" role=\"group\" aria-roledescription=\"slide\" aria-label=\"9 sur 25\"><figure class=\"swiper-slide-inner\"><img decoding=\"async\" class=\"swiper-slide-image\" src=\"https:\/\/eis-ekagroup.com\/wp-content\/uploads\/2024\/06\/7-1-300x200-1.jpeg\" alt=\"7-1-300x200\" \/><\/figure><\/div><div class=\"swiper-slide\" role=\"group\" aria-roledescription=\"slide\" aria-label=\"10 sur 25\"><figure class=\"swiper-slide-inner\"><img decoding=\"async\" class=\"swiper-slide-image\" src=\"https:\/\/eis-ekagroup.com\/wp-content\/uploads\/2024\/06\/8-1-300x200-1.jpeg\" alt=\"8-1-300x200\" \/><\/figure><\/div><div class=\"swiper-slide\" role=\"group\" aria-roledescription=\"slide\" aria-label=\"11 sur 25\"><figure class=\"swiper-slide-inner\"><img decoding=\"async\" class=\"swiper-slide-image\" src=\"https:\/\/eis-ekagroup.com\/wp-content\/uploads\/2024\/06\/12-1-300x200-1.jpeg\" alt=\"12-1-300x200\" \/><\/figure><\/div><div class=\"swiper-slide\" role=\"group\" aria-roledescription=\"slide\" aria-label=\"12 sur 25\"><figure class=\"swiper-slide-inner\"><img decoding=\"async\" class=\"swiper-slide-image\" src=\"https:\/\/eis-ekagroup.com\/wp-content\/uploads\/2024\/06\/28-300x200-1.jpeg\" alt=\"28-300x200\" \/><\/figure><\/div><div class=\"swiper-slide\" role=\"group\" aria-roledescription=\"slide\" aria-label=\"13 sur 25\"><figure class=\"swiper-slide-inner\"><img decoding=\"async\" class=\"swiper-slide-image\" src=\"https:\/\/eis-ekagroup.com\/wp-content\/uploads\/2024\/06\/27-300x200-1.jpeg\" alt=\"27-300x200\" \/><\/figure><\/div><div class=\"swiper-slide\" role=\"group\" aria-roledescription=\"slide\" aria-label=\"14 sur 25\"><figure class=\"swiper-slide-inner\"><img decoding=\"async\" class=\"swiper-slide-image\" src=\"https:\/\/eis-ekagroup.com\/wp-content\/uploads\/2024\/06\/25-300x200-1.jpeg\" alt=\"25-300x200\" \/><\/figure><\/div><div class=\"swiper-slide\" role=\"group\" aria-roledescription=\"slide\" aria-label=\"15 sur 25\"><figure class=\"swiper-slide-inner\"><img decoding=\"async\" class=\"swiper-slide-image\" src=\"https:\/\/eis-ekagroup.com\/wp-content\/uploads\/2024\/06\/24-300x200-1.jpeg\" alt=\"24-300x200\" \/><\/figure><\/div><div class=\"swiper-slide\" role=\"group\" aria-roledescription=\"slide\" aria-label=\"16 sur 25\"><figure class=\"swiper-slide-inner\"><img decoding=\"async\" class=\"swiper-slide-image\" src=\"https:\/\/eis-ekagroup.com\/wp-content\/uploads\/2024\/06\/23-300x200-1.jpeg\" alt=\"23-300x200\" \/><\/figure><\/div><div class=\"swiper-slide\" role=\"group\" aria-roledescription=\"slide\" aria-label=\"17 sur 25\"><figure class=\"swiper-slide-inner\"><img decoding=\"async\" class=\"swiper-slide-image\" src=\"https:\/\/eis-ekagroup.com\/wp-content\/uploads\/2024\/06\/22-300x200-1.jpeg\" alt=\"22-300x200\" \/><\/figure><\/div><div class=\"swiper-slide\" role=\"group\" aria-roledescription=\"slide\" aria-label=\"18 sur 25\"><figure class=\"swiper-slide-inner\"><img decoding=\"async\" class=\"swiper-slide-image\" src=\"https:\/\/eis-ekagroup.com\/wp-content\/uploads\/2024\/06\/26-300x200-1.jpeg\" alt=\"26-300x200\" \/><\/figure><\/div><div class=\"swiper-slide\" role=\"group\" aria-roledescription=\"slide\" aria-label=\"19 sur 25\"><figure class=\"swiper-slide-inner\"><img decoding=\"async\" class=\"swiper-slide-image\" src=\"https:\/\/eis-ekagroup.com\/wp-content\/uploads\/2024\/06\/21-300x200-1.jpeg\" alt=\"21-300x200\" \/><\/figure><\/div><div class=\"swiper-slide\" role=\"group\" aria-roledescription=\"slide\" aria-label=\"20 sur 25\"><figure class=\"swiper-slide-inner\"><img decoding=\"async\" class=\"swiper-slide-image\" src=\"https:\/\/eis-ekagroup.com\/wp-content\/uploads\/2024\/06\/19-300x200-1.jpeg\" alt=\"19-300x200\" \/><\/figure><\/div><div class=\"swiper-slide\" role=\"group\" aria-roledescription=\"slide\" aria-label=\"21 sur 25\"><figure class=\"swiper-slide-inner\"><img decoding=\"async\" class=\"swiper-slide-image\" src=\"https:\/\/eis-ekagroup.com\/wp-content\/uploads\/2024\/06\/18-300x200-1.jpeg\" alt=\"18-300x200\" \/><\/figure><\/div><div class=\"swiper-slide\" role=\"group\" aria-roledescription=\"slide\" aria-label=\"22 sur 25\"><figure class=\"swiper-slide-inner\"><img decoding=\"async\" class=\"swiper-slide-image\" src=\"https:\/\/eis-ekagroup.com\/wp-content\/uploads\/2024\/06\/9-1-300x200-1.jpeg\" alt=\"9-1-300x200\" \/><\/figure><\/div><div class=\"swiper-slide\" role=\"group\" aria-roledescription=\"slide\" aria-label=\"23 sur 25\"><figure class=\"swiper-slide-inner\"><img decoding=\"async\" class=\"swiper-slide-image\" src=\"https:\/\/eis-ekagroup.com\/wp-content\/uploads\/2024\/06\/6-1-300x200-1.jpeg\" alt=\"6-1-300x200\" \/><\/figure><\/div><div class=\"swiper-slide\" role=\"group\" aria-roledescription=\"slide\" aria-label=\"24 sur 25\"><figure class=\"swiper-slide-inner\"><img decoding=\"async\" class=\"swiper-slide-image\" src=\"https:\/\/eis-ekagroup.com\/wp-content\/uploads\/2024\/06\/2-1-300x200-1.jpeg\" alt=\"2-1-300x200\" \/><\/figure><\/div><div class=\"swiper-slide\" role=\"group\" aria-roledescription=\"slide\" aria-label=\"25 sur 25\"><figure class=\"swiper-slide-inner\"><img decoding=\"async\" class=\"swiper-slide-image\" src=\"https:\/\/eis-ekagroup.com\/wp-content\/uploads\/2024\/06\/1-1-300x200-1.jpeg\" alt=\"1-1-300x200\" \/><\/figure><\/div>\t\t\t<\/div>\n\t\t\t\t\t\t\t\t\t\t\t\t<div class=\"elementor-swiper-button elementor-swiper-button-prev\" role=\"button\" tabindex=\"0\">\n\t\t\t\t\t\t<svg aria-hidden=\"true\" class=\"e-font-icon-svg e-eicon-chevron-left\" viewBox=\"0 0 1000 1000\" xmlns=\"http:\/\/www.w3.org\/2000\/svg\"><path d=\"M646 125C629 125 613 133 604 142L308 442C296 454 292 471 292 487 292 504 296 521 308 533L604 854C617 867 629 875 646 875 663 875 679 871 692 858 704 846 713 829 713 812 713 796 708 779 692 767L438 487 692 225C700 217 708 204 708 187 708 171 704 154 692 142 675 129 663 125 646 125Z\"><\/path><\/svg>\t\t\t\t\t<\/div>\n\t\t\t\t\t<div class=\"elementor-swiper-button elementor-swiper-button-next\" role=\"button\" tabindex=\"0\">\n\t\t\t\t\t\t<svg aria-hidden=\"true\" class=\"e-font-icon-svg e-eicon-chevron-right\" viewBox=\"0 0 1000 1000\" xmlns=\"http:\/\/www.w3.org\/2000\/svg\"><path d=\"M696 533C708 521 713 504 713 487 713 471 708 454 696 446L400 146C388 133 375 125 354 125 338 125 325 129 313 142 300 154 292 171 292 187 292 204 296 221 308 233L563 492 304 771C292 783 288 800 288 817 288 833 296 850 308 863 321 871 338 875 354 875 371 875 388 867 400 854L696 533Z\"><\/path><\/svg>\t\t\t\t\t<\/div>\n\t\t\t\t\n\t\t\t\t\t\t\t\t\t<div class=\"swiper-pagination\"><\/div>\n\t\t\t\t\t\t\t\t\t<\/div>\n\t\t\t\t\t\t<\/div>\n\t\t\t\t<\/div>\n\t\t\t\t\t<\/div>\n\t\t\t\t<\/div>\n\t\t\t\t<\/div>\n\t\t","protected":false},"excerpt":{"rendered":"<p>Construction de Routes, Ponts et B\u00e2timents Le d\u00e9veloppement de l\u2019infrastructure sociale est un \u00e9l\u00e9ment essentiel et l\u2019obligation morale de tous les pays et est essentiel pour le progr\u00e8s d\u2019une nation. Que ce soit les routes et autoroutes, les syst\u00e8mes de transport public, l\u2019\u00e9ducation ou la sant\u00e9, ils font tous partie de la responsabilit\u00e9 de l\u2019\u00e9tat pour la population du pays. Cela se traduit par de meilleures conditions de vie et a un impact direct sur la croissance \u00e9conomique Le Groupe EIS-EKA entreprend des projets cl\u00e9s en main dans le secteur rural ainsi que le secteur urbain comme suit : La sant\u00e9,\u00a0L\u2019\u00e9ducation\u00a0 Les logements, Le transport Le Groupe EIS-EKA s\u2019engage \u00e0 partir de la conception \u00e0 la mise en service et au-del\u00e0, y compris les initiatives de la gestion et du support technique. Galerie des travaux<\/p>\n","protected":false},"author":2,"featured_media":0,"parent":0,"menu_order":0,"comment_status":"closed","ping_status":"closed","template":"elementor_header_footer","meta":{"_eb_attr":"","footnotes":""},"class_list":["post-414","page","type-page","status-publish","hentry"],"_links":{"self":[{"href":"https:\/\/eis-ekagroup.com\/index.php?rest_route=\/wp\/v2\/pages\/414","targetHints":{"allow":["GET"]}}],"collection":[{"href":"https:\/\/eis-ekagroup.com\/index.php?rest_route=\/wp\/v2\/pages"}],"about":[{"href":"https:\/\/eis-ekagroup.com\/index.php?rest_route=\/wp\/v2\/types\/page"}],"author":[{"embeddable":true,"href":"https:\/\/eis-ekagroup.com\/index.php?rest_route=\/wp\/v2\/users\/2"}],"replies":[{"embeddable":true,"href":"https:\/\/eis-ekagroup.com\/index.php?rest_route=%2Fwp%2Fv2%2Fcomments&post=414"}],"version-history":[{"count":43,"href":"https:\/\/eis-ekagroup.com\/index.php?rest_route=\/wp\/v2\/pages\/414\/revisions"}],"predecessor-version":[{"id":1315,"href":"https:\/\/eis-ekagroup.com\/index.php?rest_route=\/wp\/v2\/pages\/414\/revisions\/1315"}],"wp:attachment":[{"href":"https:\/\/eis-ekagroup.com\/index.php?rest_route=%2Fwp%2Fv2%2Fmedia&parent=414"}],"curies":[{"name":"wp","href":"https:\/\/api.w.org\/{rel}","templated":true}]}}