{"id":473,"date":"2024-06-15T16:25:03","date_gmt":"2024-06-15T14:25:03","guid":{"rendered":"http:\/\/127.0.0.1\/eka-groupe\/?page_id=473"},"modified":"2025-04-03T15:49:14","modified_gmt":"2025-04-03T13:49:14","slug":"amenagements-hydro-agricoles","status":"publish","type":"page","link":"https:\/\/eis-ekagroup.com\/?page_id=473","title":{"rendered":"Am\u00e9nagements Hydro-Agricoles"},"content":{"rendered":"<style>.elementor-473 .elementor-element.elementor-element-1f7cc52{--display:flex;--flex-direction:column;--container-widget-width:100%;--container-widget-height:initial;--container-widget-flex-grow:0;--container-widget-align-self:initial;--flex-wrap-mobile:wrap;--padding-top:60px;--padding-bottom:60px;--padding-left:0px;--padding-right:0px;}.elementor-473 .elementor-element.elementor-element-1f7cc52:not(.elementor-motion-effects-element-type-background), .elementor-473 .elementor-element.elementor-element-1f7cc52 > .elementor-motion-effects-container > .elementor-motion-effects-layer{background-image:url(\"https:\/\/eis-ekagroup.com\/wp-content\/uploads\/2024\/06\/shape19-2-1-150x150-1.png\");}.elementor-widget-heading .elementor-heading-title{font-family:var( --e-global-typography-primary-font-family ), Sans-serif;font-weight:var( --e-global-typography-primary-font-weight );color:var( --e-global-color-primary );}.elementor-473 .elementor-element.elementor-element-32fd68d{text-align:center;}.elementor-473 .elementor-element.elementor-element-32fd68d .elementor-heading-title{font-family:\"Poppins\", Sans-serif;font-size:2.5rem;font-weight:700;line-height:1.2em;color:#000000;}.elementor-473 .elementor-element.elementor-element-37d5480{--display:flex;--flex-direction:row;--container-widget-width:initial;--container-widget-height:100%;--container-widget-flex-grow:1;--container-widget-align-self:stretch;--flex-wrap-mobile:wrap;}.elementor-473 .elementor-element.elementor-element-723e522{--display:flex;--justify-content:center;}.elementor-473 .elementor-element.elementor-element-723e522.e-con{--flex-grow:0;--flex-shrink:0;}.elementor-widget-image-gallery .gallery-item .gallery-caption{font-family:var( --e-global-typography-accent-font-family ), Sans-serif;font-weight:var( --e-global-typography-accent-font-weight );}.elementor-473 .elementor-element.elementor-element-0f1018d .gallery-item{padding:0 8px 8px 0;}.elementor-473 .elementor-element.elementor-element-0f1018d .gallery{margin:0 -8px -8px 0;}.elementor-473 .elementor-element.elementor-element-0f1018d .gallery-item .gallery-caption{text-align:center;}.elementor-473 .elementor-element.elementor-element-71e8d4d{--display:flex;}.elementor-widget-text-editor{font-family:var( --e-global-typography-text-font-family ), Sans-serif;font-weight:var( --e-global-typography-text-font-weight );color:var( --e-global-color-text );}.elementor-widget-text-editor.elementor-drop-cap-view-stacked .elementor-drop-cap{background-color:var( --e-global-color-primary );}.elementor-widget-text-editor.elementor-drop-cap-view-framed .elementor-drop-cap, .elementor-widget-text-editor.elementor-drop-cap-view-default .elementor-drop-cap{color:var( --e-global-color-primary );border-color:var( --e-global-color-primary );}.elementor-473 .elementor-element.elementor-element-7336682{color:#383838;}.elementor-473 .elementor-element.elementor-element-459b053{--display:flex;--flex-direction:column;--container-widget-width:100%;--container-widget-height:initial;--container-widget-flex-grow:0;--container-widget-align-self:initial;--flex-wrap-mobile:wrap;--padding-top:050px;--padding-bottom:50px;--padding-left:0px;--padding-right:0px;}.elementor-473 .elementor-element.elementor-element-459b053:not(.elementor-motion-effects-element-type-background), .elementor-473 .elementor-element.elementor-element-459b053 > .elementor-motion-effects-container > .elementor-motion-effects-layer{background-color:#231F20;background-image:url(\"https:\/\/eis-ekagroup.com\/wp-content\/uploads\/2024\/06\/shape34-2-1.png\");}.elementor-473 .elementor-element.elementor-element-b392697{text-align:center;}.elementor-473 .elementor-element.elementor-element-b392697 .elementor-heading-title{font-family:\"Poppins\", Sans-serif;font-size:2.5rem;font-weight:700;line-height:1.2em;color:#ED1C24;}.elementor-473 .elementor-element.elementor-element-1814ac8{--e-image-carousel-slides-to-show:3;}.elementor-473 .elementor-element.elementor-element-1814ac8 .elementor-swiper-button.elementor-swiper-button-prev, .elementor-473 .elementor-element.elementor-element-1814ac8 .elementor-swiper-button.elementor-swiper-button-next{font-size:28px;color:#ED1C24;}.elementor-473 .elementor-element.elementor-element-1814ac8 .elementor-swiper-button.elementor-swiper-button-prev svg, .elementor-473 .elementor-element.elementor-element-1814ac8 .elementor-swiper-button.elementor-swiper-button-next svg{fill:#ED1C24;}.elementor-473 .elementor-element.elementor-element-1814ac8 .swiper-pagination-bullet{width:8px;height:8px;background:#ED1C24;}.elementor-473 .elementor-element.elementor-element-1814ac8 .swiper-pagination-bullet:not(.swiper-pagination-bullet-active){background:#E2E2E2;opacity:1;}@media(min-width:768px){.elementor-473 .elementor-element.elementor-element-723e522{--width:49.018%;}}@media(max-width:1024px){.elementor-473 .elementor-element.elementor-element-32fd68d{width:100%;max-width:100%;}.elementor-473 .elementor-element.elementor-element-b392697{width:100%;max-width:100%;}}@media(max-width:767px){.elementor-473 .elementor-element.elementor-element-32fd68d .elementor-heading-title{font-size:1.4rem;}.elementor-473 .elementor-element.elementor-element-b392697 .elementor-heading-title{font-size:1.4rem;}}<\/style>\t\t<div data-elementor-type=\"wp-page\" data-elementor-id=\"473\" class=\"elementor elementor-473\">\n\t\t\t\t<div class=\"elementor-element elementor-element-1f7cc52 e-flex e-con-boxed wpr-particle-no wpr-jarallax-no wpr-parallax-no wpr-sticky-section-no e-con e-parent\" data-id=\"1f7cc52\" data-element_type=\"container\" data-e-type=\"container\" data-settings=\"{&quot;background_background&quot;:&quot;classic&quot;}\">\n\t\t\t\t\t<div class=\"e-con-inner\">\n\t\t\t\t<div class=\"elementor-element elementor-element-32fd68d elementor-widget-tablet__width-inherit elementor-widget elementor-widget-heading\" data-id=\"32fd68d\" data-element_type=\"widget\" data-e-type=\"widget\" data-widget_type=\"heading.default\">\n\t\t\t\t<div class=\"elementor-widget-container\">\n\t\t\t\t\t<h2 class=\"elementor-heading-title elementor-size-default\">Am\u00e9nagements Hydro-Agricoles<\/h2>\t\t\t\t<\/div>\n\t\t\t\t<\/div>\n\t\t<div class=\"elementor-element elementor-element-37d5480 e-flex e-con-boxed wpr-particle-no wpr-jarallax-no wpr-parallax-no wpr-sticky-section-no e-con e-child\" data-id=\"37d5480\" data-element_type=\"container\" data-e-type=\"container\">\n\t\t\t\t\t<div class=\"e-con-inner\">\n\t\t<div class=\"elementor-element elementor-element-723e522 e-con-full e-flex wpr-particle-no wpr-jarallax-no wpr-parallax-no wpr-sticky-section-no e-con e-child\" data-id=\"723e522\" data-element_type=\"container\" data-e-type=\"container\">\n\t\t\t\t<div class=\"elementor-element elementor-element-0f1018d gallery-spacing-custom grid-gallery elementor-widget elementor-widget-image-gallery\" data-id=\"0f1018d\" data-element_type=\"widget\" data-e-type=\"widget\" data-widget_type=\"image-gallery.default\">\n\t\t\t\t<div class=\"elementor-widget-container\">\n\t\t\t\t\t\t\t<div class=\"elementor-image-gallery\">\n\t\t\t<div id='gallery-1' class='gallery galleryid-473 gallery-columns-2 gallery-size-full'><figure class='gallery-item'>\n\t\t\t<div class='gallery-icon landscape'>\n\t\t\t\t<a data-elementor-open-lightbox=\"yes\" data-elementor-lightbox-slideshow=\"0f1018d\" data-elementor-lightbox-title=\"D869_26_945_1200-300x200\" data-e-action-hash=\"#elementor-action%3Aaction%3Dlightbox%26settings%3DeyJpZCI6NDg2LCJ1cmwiOiJodHRwczpcL1wvZWlzLWVrYWdyb3VwLmNvbVwvd3AtY29udGVudFwvdXBsb2Fkc1wvMjAyNFwvMDZcL0Q4NjlfMjZfOTQ1XzEyMDAtMzAweDIwMC0xLmpwZyIsInNsaWRlc2hvdyI6IjBmMTAxOGQifQ%3D%3D\" href='https:\/\/eis-ekagroup.com\/wp-content\/uploads\/2024\/06\/D869_26_945_1200-300x200-1.jpg'><img fetchpriority=\"high\" decoding=\"async\" width=\"300\" height=\"200\" src=\"https:\/\/eis-ekagroup.com\/wp-content\/uploads\/2024\/06\/D869_26_945_1200-300x200-1.jpg\" class=\"attachment-full size-full\" alt=\"\" \/><\/a>\n\t\t\t<\/div><\/figure><figure class='gallery-item'>\n\t\t\t<div class='gallery-icon landscape'>\n\t\t\t\t<a data-elementor-open-lightbox=\"yes\" data-elementor-lightbox-slideshow=\"0f1018d\" data-elementor-lightbox-title=\"agriculture-irrigation_1473398033_1479793149_1484547152_1495535274-300x200\" data-e-action-hash=\"#elementor-action%3Aaction%3Dlightbox%26settings%3DeyJpZCI6NDg1LCJ1cmwiOiJodHRwczpcL1wvZWlzLWVrYWdyb3VwLmNvbVwvd3AtY29udGVudFwvdXBsb2Fkc1wvMjAyNFwvMDZcL2FncmljdWx0dXJlLWlycmlnYXRpb25fMTQ3MzM5ODAzM18xNDc5NzkzMTQ5XzE0ODQ1NDcxNTJfMTQ5NTUzNTI3NC0zMDB4MjAwLTEuanBnIiwic2xpZGVzaG93IjoiMGYxMDE4ZCJ9\" href='https:\/\/eis-ekagroup.com\/wp-content\/uploads\/2024\/06\/agriculture-irrigation_1473398033_1479793149_1484547152_1495535274-300x200-1.jpg'><img decoding=\"async\" width=\"300\" height=\"200\" src=\"https:\/\/eis-ekagroup.com\/wp-content\/uploads\/2024\/06\/agriculture-irrigation_1473398033_1479793149_1484547152_1495535274-300x200-1.jpg\" class=\"attachment-full size-full\" alt=\"\" \/><\/a>\n\t\t\t<\/div><\/figure><figure class='gallery-item'>\n\t\t\t<div class='gallery-icon landscape'>\n\t\t\t\t<a data-elementor-open-lightbox=\"yes\" data-elementor-lightbox-slideshow=\"0f1018d\" data-elementor-lightbox-title=\"agriculture-banner-5_1473665667_1484547161_1495535331-300x200\" data-e-action-hash=\"#elementor-action%3Aaction%3Dlightbox%26settings%3DeyJpZCI6NDg0LCJ1cmwiOiJodHRwczpcL1wvZWlzLWVrYWdyb3VwLmNvbVwvd3AtY29udGVudFwvdXBsb2Fkc1wvMjAyNFwvMDZcL2FncmljdWx0dXJlLWJhbm5lci01XzE0NzM2NjU2NjdfMTQ4NDU0NzE2MV8xNDk1NTM1MzMxLTMwMHgyMDAtMS5qcGciLCJzbGlkZXNob3ciOiIwZjEwMThkIn0%3D\" href='https:\/\/eis-ekagroup.com\/wp-content\/uploads\/2024\/06\/agriculture-banner-5_1473665667_1484547161_1495535331-300x200-1.jpg'><img decoding=\"async\" width=\"300\" height=\"200\" src=\"https:\/\/eis-ekagroup.com\/wp-content\/uploads\/2024\/06\/agriculture-banner-5_1473665667_1484547161_1495535331-300x200-1.jpg\" class=\"attachment-full size-full\" alt=\"\" \/><\/a>\n\t\t\t<\/div><\/figure><figure class='gallery-item'>\n\t\t\t<div class='gallery-icon landscape'>\n\t\t\t\t<a data-elementor-open-lightbox=\"yes\" data-elementor-lightbox-slideshow=\"0f1018d\" data-elementor-lightbox-title=\"4-300x200\" data-e-action-hash=\"#elementor-action%3Aaction%3Dlightbox%26settings%3DeyJpZCI6NDgzLCJ1cmwiOiJodHRwczpcL1wvZWlzLWVrYWdyb3VwLmNvbVwvd3AtY29udGVudFwvdXBsb2Fkc1wvMjAyNFwvMDZcLzQtMzAweDIwMC0xLmpwZyIsInNsaWRlc2hvdyI6IjBmMTAxOGQifQ%3D%3D\" href='https:\/\/eis-ekagroup.com\/wp-content\/uploads\/2024\/06\/4-300x200-1.jpg'><img loading=\"lazy\" decoding=\"async\" width=\"300\" height=\"200\" src=\"https:\/\/eis-ekagroup.com\/wp-content\/uploads\/2024\/06\/4-300x200-1.jpg\" class=\"attachment-full size-full\" alt=\"\" \/><\/a>\n\t\t\t<\/div><\/figure>\n\t\t<\/div>\n\t\t<\/div>\n\t\t\t\t\t\t<\/div>\n\t\t\t\t<\/div>\n\t\t\t\t<\/div>\n\t\t<div class=\"elementor-element elementor-element-71e8d4d e-flex e-con-boxed wpr-particle-no wpr-jarallax-no wpr-parallax-no wpr-sticky-section-no e-con e-child\" data-id=\"71e8d4d\" data-element_type=\"container\" data-e-type=\"container\">\n\t\t\t\t\t<div class=\"e-con-inner\">\n\t\t\t\t<div class=\"elementor-element elementor-element-7336682 elementor-widget elementor-widget-text-editor\" data-id=\"7336682\" data-element_type=\"widget\" data-e-type=\"widget\" data-widget_type=\"text-editor.default\">\n\t\t\t\t<div class=\"elementor-widget-container\">\n\t\t\t\t\t\t\t\t\t<div class=\"vc_row wpb_row vc_row-fluid\"><div class=\"wpb_column vc_column_container vc_col-sm-6\"><div class=\"vc_column-inner\"><div class=\"wpb_wrapper\"><div class=\"wpb_text_column wpb_content_element \"><div class=\"wpb_wrapper\"><p>L\u2019irrigation et l\u2019agriculture est le pilier de toutes les \u00e9conomies en d\u00e9veloppement du monde, surtout en Afrique, Am\u00e9rique latine, Asie du Sud et du Sud-est.<\/p><p>L\u2019irrigation prend plus d\u2019importance en cas de zones d\u00e9ficitaires en eau et qui d\u00e9pendent en grande partie de l\u2019eau de pluie, de l\u2019eau souterraine, etc. ou en cas de r\u00e9gions qui sont expos\u00e9es \u00e0 des inondations.<\/p><p>L\u2019agriculture est un vaste sujet couvrant les aspects allant du terrain et la pr\u00e9paration du sol \u00e0 la culture, l\u2019agriculture, l\u2019irrigation, la r\u00e9colte et la transformation ult\u00e9rieure des c\u00e9r\u00e9ales, fruits, l\u00e9gumes, cultures etc.<\/p><div class=\"hydra-div\"><p><a name=\"hydro\"><\/a><strong>Le Groupe EIS-EKA aide les \u00e9conomies agricoles par l\u2019\u00e9tablissement des projets cl\u00e9s en main et la fourniture de machines et \u00e9quipements agricoles. Nous mettons essentiellement l\u2019accent sur :<\/strong><\/p><ul><li>Les projets d\u2019irrigation<\/li><li>L\u2019\u00e9quipement agricole<\/li><li>Les projets de traitement agricole<\/li><li>Les usines de fabrication \u2013 tracteurs et des \u00e9quipements agricoles<\/li><\/ul><\/div><\/div><\/div><\/div><\/div><\/div><\/div><div class=\"vc_row wpb_row vc_row-fluid\"><div class=\"wpb_column vc_column_container vc_col-sm-12\"><div class=\"vc_column-inner\"><div class=\"wpb_wrapper\"><div class=\"wpb_gallery wpb_content_element vc_clearfix\"><div class=\"wpb_wrapper\"><div class=\"wpb_gallery_slides wpb_image_grid\" data-interval=\"3\">\u00a0<\/div><\/div><\/div><\/div><\/div><\/div><\/div>\t\t\t\t\t\t\t\t<\/div>\n\t\t\t\t<\/div>\n\t\t\t\t\t<\/div>\n\t\t\t\t<\/div>\n\t\t\t\t\t<\/div>\n\t\t\t\t<\/div>\n\t\t\t\t\t<\/div>\n\t\t\t\t<\/div>\n\t\t<div class=\"elementor-element elementor-element-459b053 e-flex e-con-boxed wpr-particle-no wpr-jarallax-no wpr-parallax-no wpr-sticky-section-no e-con e-parent\" data-id=\"459b053\" data-element_type=\"container\" data-e-type=\"container\" data-settings=\"{&quot;background_background&quot;:&quot;classic&quot;}\">\n\t\t\t\t\t<div class=\"e-con-inner\">\n\t\t\t\t<div class=\"elementor-element elementor-element-b392697 elementor-widget-tablet__width-inherit elementor-widget elementor-widget-heading\" data-id=\"b392697\" data-element_type=\"widget\" data-e-type=\"widget\" data-widget_type=\"heading.default\">\n\t\t\t\t<div class=\"elementor-widget-container\">\n\t\t\t\t\t<h2 class=\"elementor-heading-title elementor-size-default\">Galerie des travaux<\/h2>\t\t\t\t<\/div>\n\t\t\t\t<\/div>\n\t\t\t\t<div class=\"elementor-element elementor-element-1814ac8 elementor-arrows-position-outside elementor-pagination-position-outside elementor-widget elementor-widget-image-carousel\" data-id=\"1814ac8\" data-element_type=\"widget\" data-e-type=\"widget\" data-settings=\"{&quot;slides_to_show&quot;:&quot;3&quot;,&quot;image_spacing_custom&quot;:{&quot;unit&quot;:&quot;px&quot;,&quot;size&quot;:2,&quot;sizes&quot;:[]},&quot;navigation&quot;:&quot;both&quot;,&quot;autoplay&quot;:&quot;yes&quot;,&quot;pause_on_hover&quot;:&quot;yes&quot;,&quot;pause_on_interaction&quot;:&quot;yes&quot;,&quot;autoplay_speed&quot;:5000,&quot;infinite&quot;:&quot;yes&quot;,&quot;speed&quot;:500,&quot;image_spacing_custom_tablet&quot;:{&quot;unit&quot;:&quot;px&quot;,&quot;size&quot;:&quot;&quot;,&quot;sizes&quot;:[]},&quot;image_spacing_custom_mobile&quot;:{&quot;unit&quot;:&quot;px&quot;,&quot;size&quot;:&quot;&quot;,&quot;sizes&quot;:[]}}\" data-widget_type=\"image-carousel.default\">\n\t\t\t\t<div class=\"elementor-widget-container\">\n\t\t\t\t\t\t\t<div class=\"elementor-image-carousel-wrapper swiper\" role=\"region\" aria-roledescription=\"carousel\" aria-label=\"Carrousel d\u2019images\" dir=\"ltr\">\n\t\t\t<div class=\"elementor-image-carousel swiper-wrapper\" aria-live=\"off\">\n\t\t\t\t\t\t\t\t<div class=\"swiper-slide\" role=\"group\" aria-roledescription=\"slide\" aria-label=\"1 sur 9\"><figure class=\"swiper-slide-inner\"><img decoding=\"async\" class=\"swiper-slide-image\" src=\"https:\/\/eis-ekagroup.com\/wp-content\/uploads\/2024\/06\/D869_26_945_1200-300x200-1.jpg\" alt=\"D869_26_945_1200-300x200\" \/><\/figure><\/div><div class=\"swiper-slide\" role=\"group\" aria-roledescription=\"slide\" aria-label=\"2 sur 9\"><figure class=\"swiper-slide-inner\"><img decoding=\"async\" class=\"swiper-slide-image\" src=\"https:\/\/eis-ekagroup.com\/wp-content\/uploads\/2024\/06\/agriculture-irrigation_1473398033_1479793149_1484547152_1495535274-300x200-1.jpg\" alt=\"agriculture-irrigation_1473398033_1479793149_1484547152_1495535274-300x200\" \/><\/figure><\/div><div class=\"swiper-slide\" role=\"group\" aria-roledescription=\"slide\" aria-label=\"3 sur 9\"><figure class=\"swiper-slide-inner\"><img decoding=\"async\" class=\"swiper-slide-image\" src=\"https:\/\/eis-ekagroup.com\/wp-content\/uploads\/2024\/06\/agriculture-banner-5_1473665667_1484547161_1495535331-300x200-1.jpg\" alt=\"agriculture-banner-5_1473665667_1484547161_1495535331-300x200\" \/><\/figure><\/div><div class=\"swiper-slide\" role=\"group\" aria-roledescription=\"slide\" aria-label=\"4 sur 9\"><figure class=\"swiper-slide-inner\"><img decoding=\"async\" class=\"swiper-slide-image\" src=\"https:\/\/eis-ekagroup.com\/wp-content\/uploads\/2024\/06\/4-300x200-1.jpg\" alt=\"4-300x200\" \/><\/figure><\/div><div class=\"swiper-slide\" role=\"group\" aria-roledescription=\"slide\" aria-label=\"5 sur 9\"><figure class=\"swiper-slide-inner\"><img decoding=\"async\" class=\"swiper-slide-image\" src=\"https:\/\/eis-ekagroup.com\/wp-content\/uploads\/2024\/06\/221_060ad92489947d410d897474079c1477-300x200-1.jpg\" alt=\"221_060ad92489947d410d897474079c1477-300x200\" \/><\/figure><\/div><div class=\"swiper-slide\" role=\"group\" aria-roledescription=\"slide\" aria-label=\"6 sur 9\"><figure class=\"swiper-slide-inner\"><img decoding=\"async\" class=\"swiper-slide-image\" src=\"https:\/\/eis-ekagroup.com\/wp-content\/uploads\/2024\/06\/awater-300x200-1.jpg\" alt=\"awater-300x200\" \/><\/figure><\/div><div class=\"swiper-slide\" role=\"group\" aria-roledescription=\"slide\" aria-label=\"7 sur 9\"><figure class=\"swiper-slide-inner\"><img decoding=\"async\" class=\"swiper-slide-image\" src=\"https:\/\/eis-ekagroup.com\/wp-content\/uploads\/2024\/06\/eis-eka-dams-300x200-1.jpg\" alt=\"eis-eka-dams-300x200\" \/><\/figure><\/div><div class=\"swiper-slide\" role=\"group\" aria-roledescription=\"slide\" aria-label=\"8 sur 9\"><figure class=\"swiper-slide-inner\"><img decoding=\"async\" class=\"swiper-slide-image\" src=\"https:\/\/eis-ekagroup.com\/wp-content\/uploads\/2024\/06\/hydro-300x200-1.jpg\" alt=\"hydro-300x200\" \/><\/figure><\/div><div class=\"swiper-slide\" role=\"group\" aria-roledescription=\"slide\" aria-label=\"9 sur 9\"><figure class=\"swiper-slide-inner\"><img decoding=\"async\" class=\"swiper-slide-image\" src=\"https:\/\/eis-ekagroup.com\/wp-content\/uploads\/2024\/06\/projet-hydro-agricole-ksob-660x330-300x200-1.jpg\" alt=\"projet-hydro-agricole-ksob-660x330-300x200\" \/><\/figure><\/div>\t\t\t<\/div>\n\t\t\t\t\t\t\t\t\t\t\t\t<div class=\"elementor-swiper-button elementor-swiper-button-prev\" role=\"button\" tabindex=\"0\">\n\t\t\t\t\t\t<svg aria-hidden=\"true\" class=\"e-font-icon-svg e-eicon-chevron-left\" viewBox=\"0 0 1000 1000\" xmlns=\"http:\/\/www.w3.org\/2000\/svg\"><path d=\"M646 125C629 125 613 133 604 142L308 442C296 454 292 471 292 487 292 504 296 521 308 533L604 854C617 867 629 875 646 875 663 875 679 871 692 858 704 846 713 829 713 812 713 796 708 779 692 767L438 487 692 225C700 217 708 204 708 187 708 171 704 154 692 142 675 129 663 125 646 125Z\"><\/path><\/svg>\t\t\t\t\t<\/div>\n\t\t\t\t\t<div class=\"elementor-swiper-button elementor-swiper-button-next\" role=\"button\" tabindex=\"0\">\n\t\t\t\t\t\t<svg aria-hidden=\"true\" class=\"e-font-icon-svg e-eicon-chevron-right\" viewBox=\"0 0 1000 1000\" xmlns=\"http:\/\/www.w3.org\/2000\/svg\"><path d=\"M696 533C708 521 713 504 713 487 713 471 708 454 696 446L400 146C388 133 375 125 354 125 338 125 325 129 313 142 300 154 292 171 292 187 292 204 296 221 308 233L563 492 304 771C292 783 288 800 288 817 288 833 296 850 308 863 321 871 338 875 354 875 371 875 388 867 400 854L696 533Z\"><\/path><\/svg>\t\t\t\t\t<\/div>\n\t\t\t\t\n\t\t\t\t\t\t\t\t\t<div class=\"swiper-pagination\"><\/div>\n\t\t\t\t\t\t\t\t\t<\/div>\n\t\t\t\t\t\t<\/div>\n\t\t\t\t<\/div>\n\t\t\t\t\t<\/div>\n\t\t\t\t<\/div>\n\t\t\t\t<\/div>\n\t\t","protected":false},"excerpt":{"rendered":"<p>Am\u00e9nagements Hydro-Agricoles L\u2019irrigation et l\u2019agriculture est le pilier de toutes les \u00e9conomies en d\u00e9veloppement du monde, surtout en Afrique, Am\u00e9rique latine, Asie du Sud et du Sud-est. L\u2019irrigation prend plus d\u2019importance en cas de zones d\u00e9ficitaires en eau et qui d\u00e9pendent en grande partie de l\u2019eau de pluie, de l\u2019eau souterraine, etc. ou en cas de r\u00e9gions qui sont expos\u00e9es \u00e0 des inondations. L\u2019agriculture est un vaste sujet couvrant les aspects allant du terrain et la pr\u00e9paration du sol \u00e0 la culture, l\u2019agriculture, l\u2019irrigation, la r\u00e9colte et la transformation ult\u00e9rieure des c\u00e9r\u00e9ales, fruits, l\u00e9gumes, cultures etc. Le Groupe EIS-EKA aide les \u00e9conomies agricoles par l\u2019\u00e9tablissement des projets cl\u00e9s en main et la fourniture de machines et \u00e9quipements agricoles. Nous mettons essentiellement l\u2019accent sur : Les projets d\u2019irrigation L\u2019\u00e9quipement agricole Les projets de traitement agricole Les usines de fabrication \u2013 tracteurs et des \u00e9quipements agricoles \u00a0 Galerie des travaux<\/p>\n","protected":false},"author":2,"featured_media":0,"parent":0,"menu_order":0,"comment_status":"closed","ping_status":"closed","template":"elementor_header_footer","meta":{"_eb_attr":"","footnotes":""},"class_list":["post-473","page","type-page","status-publish","hentry"],"_links":{"self":[{"href":"https:\/\/eis-ekagroup.com\/index.php?rest_route=\/wp\/v2\/pages\/473","targetHints":{"allow":["GET"]}}],"collection":[{"href":"https:\/\/eis-ekagroup.com\/index.php?rest_route=\/wp\/v2\/pages"}],"about":[{"href":"https:\/\/eis-ekagroup.com\/index.php?rest_route=\/wp\/v2\/types\/page"}],"author":[{"embeddable":true,"href":"https:\/\/eis-ekagroup.com\/index.php?rest_route=\/wp\/v2\/users\/2"}],"replies":[{"embeddable":true,"href":"https:\/\/eis-ekagroup.com\/index.php?rest_route=%2Fwp%2Fv2%2Fcomments&post=473"}],"version-history":[{"count":16,"href":"https:\/\/eis-ekagroup.com\/index.php?rest_route=\/wp\/v2\/pages\/473\/revisions"}],"predecessor-version":[{"id":953,"href":"https:\/\/eis-ekagroup.com\/index.php?rest_route=\/wp\/v2\/pages\/473\/revisions\/953"}],"wp:attachment":[{"href":"https:\/\/eis-ekagroup.com\/index.php?rest_route=%2Fwp%2Fv2%2Fmedia&parent=473"}],"curies":[{"name":"wp","href":"https:\/\/api.w.org\/{rel}","templated":true}]}}