{"id":518,"date":"2024-06-15T18:27:07","date_gmt":"2024-06-15T16:27:07","guid":{"rendered":"http:\/\/127.0.0.1\/eka-groupe\/?page_id=518"},"modified":"2025-04-03T15:49:14","modified_gmt":"2025-04-03T13:49:14","slug":"lenergie-electrique","status":"publish","type":"page","link":"https:\/\/eis-ekagroup.com\/?page_id=518","title":{"rendered":"L\u2019\u00e9nergie \u00c9lectrique"},"content":{"rendered":"<style>.elementor-518 .elementor-element.elementor-element-3b7fc2f{--display:flex;--flex-direction:column;--container-widget-width:100%;--container-widget-height:initial;--container-widget-flex-grow:0;--container-widget-align-self:initial;--flex-wrap-mobile:wrap;--padding-top:60px;--padding-bottom:60px;--padding-left:0px;--padding-right:0px;}.elementor-518 .elementor-element.elementor-element-3b7fc2f:not(.elementor-motion-effects-element-type-background), .elementor-518 .elementor-element.elementor-element-3b7fc2f > .elementor-motion-effects-container > .elementor-motion-effects-layer{background-image:url(\"https:\/\/eis-ekagroup.com\/wp-content\/uploads\/2024\/06\/shape19-2-1-150x150-1.png\");}.elementor-widget-heading .elementor-heading-title{font-family:var( --e-global-typography-primary-font-family ), Sans-serif;font-weight:var( --e-global-typography-primary-font-weight );color:var( --e-global-color-primary );}.elementor-518 .elementor-element.elementor-element-e630876{text-align:center;}.elementor-518 .elementor-element.elementor-element-e630876 .elementor-heading-title{font-family:\"Poppins\", Sans-serif;font-size:2.5rem;font-weight:700;line-height:1.2em;color:#000000;}.elementor-518 .elementor-element.elementor-element-0377d7b{--display:flex;--flex-direction:row;--container-widget-width:calc( ( 1 - var( --container-widget-flex-grow ) ) * 100% );--container-widget-height:100%;--container-widget-flex-grow:1;--container-widget-align-self:stretch;--flex-wrap-mobile:wrap;--align-items:center;--gap:0px 40px;--row-gap:0px;--column-gap:40px;}.elementor-widget-text-editor{font-family:var( --e-global-typography-text-font-family ), Sans-serif;font-weight:var( --e-global-typography-text-font-weight );color:var( --e-global-color-text );}.elementor-widget-text-editor.elementor-drop-cap-view-stacked .elementor-drop-cap{background-color:var( --e-global-color-primary );}.elementor-widget-text-editor.elementor-drop-cap-view-framed .elementor-drop-cap, .elementor-widget-text-editor.elementor-drop-cap-view-default .elementor-drop-cap{color:var( --e-global-color-primary );border-color:var( --e-global-color-primary );}.elementor-518 .elementor-element.elementor-element-000a78e{color:#383838;width:var( --container-widget-width, 55.29% );max-width:55.29%;--container-widget-width:55.29%;--container-widget-flex-grow:0;}.elementor-518 .elementor-element.elementor-element-000a78e.elementor-element{--flex-grow:0;--flex-shrink:0;}.elementor-widget-image-gallery .gallery-item .gallery-caption{font-family:var( --e-global-typography-accent-font-family ), Sans-serif;font-weight:var( --e-global-typography-accent-font-weight );}.elementor-518 .elementor-element.elementor-element-9c9dfcf .gallery-item{padding:0 7px 7px 0;}.elementor-518 .elementor-element.elementor-element-9c9dfcf .gallery{margin:0 -7px -7px 0;}.elementor-518 .elementor-element.elementor-element-9c9dfcf .gallery-item .gallery-caption{text-align:center;}.elementor-518 .elementor-element.elementor-element-9c9dfcf{width:var( --container-widget-width, 41.674% );max-width:41.674%;--container-widget-width:41.674%;--container-widget-flex-grow:0;}.elementor-518 .elementor-element.elementor-element-9c9dfcf.elementor-element{--flex-grow:0;--flex-shrink:0;}.elementor-518 .elementor-element.elementor-element-e6c1aaf{--display:flex;--flex-direction:column;--container-widget-width:100%;--container-widget-height:initial;--container-widget-flex-grow:0;--container-widget-align-self:initial;--flex-wrap-mobile:wrap;--padding-top:050px;--padding-bottom:50px;--padding-left:0px;--padding-right:0px;}.elementor-518 .elementor-element.elementor-element-e6c1aaf:not(.elementor-motion-effects-element-type-background), .elementor-518 .elementor-element.elementor-element-e6c1aaf > .elementor-motion-effects-container > .elementor-motion-effects-layer{background-color:#231F20;background-image:url(\"https:\/\/eis-ekagroup.com\/wp-content\/uploads\/2024\/06\/shape34-2-1.png\");}.elementor-518 .elementor-element.elementor-element-7752019{text-align:center;}.elementor-518 .elementor-element.elementor-element-7752019 .elementor-heading-title{font-family:\"Poppins\", Sans-serif;font-size:2.5rem;font-weight:700;line-height:1.2em;color:#F68C49;}.elementor-518 .elementor-element.elementor-element-ea6e06f{--e-image-carousel-slides-to-show:3;}.elementor-518 .elementor-element.elementor-element-ea6e06f .elementor-swiper-button.elementor-swiper-button-prev, .elementor-518 .elementor-element.elementor-element-ea6e06f .elementor-swiper-button.elementor-swiper-button-next{font-size:28px;color:#F68C49;}.elementor-518 .elementor-element.elementor-element-ea6e06f .elementor-swiper-button.elementor-swiper-button-prev svg, .elementor-518 .elementor-element.elementor-element-ea6e06f .elementor-swiper-button.elementor-swiper-button-next svg{fill:#F68C49;}.elementor-518 .elementor-element.elementor-element-ea6e06f .swiper-pagination-bullet{width:8px;height:8px;background:#F68C49;}.elementor-518 .elementor-element.elementor-element-ea6e06f .swiper-pagination-bullet:not(.swiper-pagination-bullet-active){background:#E2E2E2;opacity:1;}@media(max-width:1024px){.elementor-518 .elementor-element.elementor-element-e630876{width:100%;max-width:100%;}.elementor-518 .elementor-element.elementor-element-7752019{width:100%;max-width:100%;}}@media(max-width:767px){.elementor-518 .elementor-element.elementor-element-e630876 .elementor-heading-title{font-size:1.4rem;}.elementor-518 .elementor-element.elementor-element-7752019 .elementor-heading-title{font-size:1.4rem;}}<\/style>\t\t<div data-elementor-type=\"wp-page\" data-elementor-id=\"518\" class=\"elementor elementor-518\">\n\t\t\t\t<div class=\"elementor-element elementor-element-3b7fc2f e-flex e-con-boxed wpr-particle-no wpr-jarallax-no wpr-parallax-no wpr-sticky-section-no e-con e-parent\" data-id=\"3b7fc2f\" data-element_type=\"container\" data-e-type=\"container\" data-settings=\"{&quot;background_background&quot;:&quot;classic&quot;}\">\n\t\t\t\t\t<div class=\"e-con-inner\">\n\t\t\t\t<div class=\"elementor-element elementor-element-e630876 elementor-widget-tablet__width-inherit elementor-widget elementor-widget-heading\" data-id=\"e630876\" data-element_type=\"widget\" data-e-type=\"widget\" data-widget_type=\"heading.default\">\n\t\t\t\t<div class=\"elementor-widget-container\">\n\t\t\t\t\t<h2 class=\"elementor-heading-title elementor-size-default\">L\u2019\u00e9nergie \u00c9lectrique<\/h2>\t\t\t\t<\/div>\n\t\t\t\t<\/div>\n\t\t<div class=\"elementor-element elementor-element-0377d7b e-flex e-con-boxed wpr-particle-no wpr-jarallax-no wpr-parallax-no wpr-sticky-section-no e-con e-child\" data-id=\"0377d7b\" data-element_type=\"container\" data-e-type=\"container\">\n\t\t\t\t\t<div class=\"e-con-inner\">\n\t\t\t\t<div class=\"elementor-element elementor-element-000a78e elementor-widget__width-initial elementor-widget elementor-widget-text-editor\" data-id=\"000a78e\" data-element_type=\"widget\" data-e-type=\"widget\" data-widget_type=\"text-editor.default\">\n\t\t\t\t<div class=\"elementor-widget-container\">\n\t\t\t\t\t\t\t\t\t<p>L\u2019\u00e9nergie \u00e9lectrique est l\u2019ingr\u00e9dient le plus important pour l\u2019infrastructure et la croissance de toute \u00e9conomie. Aujourd\u2019hui, il est impossible d\u2019imaginer le monde sans \u00e9lectricit\u00e9. Il y a une forte croissance attendue dans le secteur de l\u2019\u00e9nergie \u00e9lectrique dans le monde.<\/p><div class=\"hydra-div\"><p>Nous entreprenons la mise en place des projets, la fourniture d\u2019\u00e9quipement dans les zones suivantes du secteur de l\u2019\u00e9lectricit\u00e9 \u2013<\/p><ul><li>Production d\u2019\u00e9lectricit\u00e9<\/li><li>Lignes de transport<\/li><li>Distribution \u00e9lectrique et sous-stations<\/li><li>\u00c9lectrification rurale<\/li><li>L\u2019\u00e9nergie renouvelable<\/li><\/ul><p>La force du Groupe EIS-EKA r\u00e9side dans la conception interne, l\u2019ing\u00e9nierie, l\u2019approvisionnement et la construction de projets d\u2019\u00e9lectricit\u00e9. Notre d\u00e9partement de conception et d\u2019ing\u00e9nierie est parfaitement \u00e9quip\u00e9 et soutenu par l\u2019analyse 3D informatis\u00e9e et le logiciel de conception.<\/p><\/div>\t\t\t\t\t\t\t\t<\/div>\n\t\t\t\t<\/div>\n\t\t\t\t<div class=\"elementor-element elementor-element-9c9dfcf gallery-spacing-custom elementor-widget__width-initial elementor-widget elementor-widget-image-gallery\" data-id=\"9c9dfcf\" data-element_type=\"widget\" data-e-type=\"widget\" data-widget_type=\"image-gallery.default\">\n\t\t\t\t<div class=\"elementor-widget-container\">\n\t\t\t\t\t\t\t<div class=\"elementor-image-gallery\">\n\t\t\t<div id='gallery-1' class='gallery galleryid-518 gallery-columns-2 gallery-size-full'><figure class='gallery-item'>\n\t\t\t<div class='gallery-icon landscape'>\n\t\t\t\t<a data-elementor-open-lightbox=\"yes\" data-elementor-lightbox-slideshow=\"9c9dfcf\" data-elementor-lightbox-title=\"eis-eka-energie-e\u0301lectrique-400x200\" data-e-action-hash=\"#elementor-action%3Aaction%3Dlightbox%26settings%3DeyJpZCI6NTI1LCJ1cmwiOiJodHRwczpcL1wvZWlzLWVrYWdyb3VwLmNvbVwvd3AtY29udGVudFwvdXBsb2Fkc1wvMjAyNFwvMDZcL2Vpcy1la2EtZW5lcmdpZS1lbGVjdHJpcXVlLTQwMHgyMDAtMS5qcGVnIiwic2xpZGVzaG93IjoiOWM5ZGZjZiJ9\" href='https:\/\/eis-ekagroup.com\/wp-content\/uploads\/2024\/06\/eis-eka-energie-electrique-400x200-1.jpeg'><img fetchpriority=\"high\" decoding=\"async\" width=\"400\" height=\"200\" src=\"https:\/\/eis-ekagroup.com\/wp-content\/uploads\/2024\/06\/eis-eka-energie-electrique-400x200-1.jpeg\" class=\"attachment-full size-full\" alt=\"\" srcset=\"https:\/\/eis-ekagroup.com\/wp-content\/uploads\/2024\/06\/eis-eka-energie-electrique-400x200-1.jpeg 400w, https:\/\/eis-ekagroup.com\/wp-content\/uploads\/2024\/06\/eis-eka-energie-electrique-400x200-1-300x150.jpeg 300w\" sizes=\"(max-width: 400px) 100vw, 400px\" \/><\/a>\n\t\t\t<\/div><\/figure><figure class='gallery-item'>\n\t\t\t<div class='gallery-icon landscape'>\n\t\t\t\t<a data-elementor-open-lightbox=\"yes\" data-elementor-lightbox-slideshow=\"9c9dfcf\" data-elementor-lightbox-title=\"ele-400x200\" data-e-action-hash=\"#elementor-action%3Aaction%3Dlightbox%26settings%3DeyJpZCI6NTI2LCJ1cmwiOiJodHRwczpcL1wvZWlzLWVrYWdyb3VwLmNvbVwvd3AtY29udGVudFwvdXBsb2Fkc1wvMjAyNFwvMDZcL2VsZS00MDB4MjAwLTEuanBnIiwic2xpZGVzaG93IjoiOWM5ZGZjZiJ9\" href='https:\/\/eis-ekagroup.com\/wp-content\/uploads\/2024\/06\/ele-400x200-1.jpg'><img decoding=\"async\" width=\"400\" height=\"200\" src=\"https:\/\/eis-ekagroup.com\/wp-content\/uploads\/2024\/06\/ele-400x200-1.jpg\" class=\"attachment-full size-full\" alt=\"\" srcset=\"https:\/\/eis-ekagroup.com\/wp-content\/uploads\/2024\/06\/ele-400x200-1.jpg 400w, https:\/\/eis-ekagroup.com\/wp-content\/uploads\/2024\/06\/ele-400x200-1-300x150.jpg 300w\" sizes=\"(max-width: 400px) 100vw, 400px\" \/><\/a>\n\t\t\t<\/div><\/figure><figure class='gallery-item'>\n\t\t\t<div class='gallery-icon landscape'>\n\t\t\t\t<a data-elementor-open-lightbox=\"yes\" data-elementor-lightbox-slideshow=\"9c9dfcf\" data-elementor-lightbox-title=\"pexels-photo-216578-1-400x200\" data-e-action-hash=\"#elementor-action%3Aaction%3Dlightbox%26settings%3DeyJpZCI6NTI3LCJ1cmwiOiJodHRwczpcL1wvZWlzLWVrYWdyb3VwLmNvbVwvd3AtY29udGVudFwvdXBsb2Fkc1wvMjAyNFwvMDZcL3BleGVscy1waG90by0yMTY1NzgtMS00MDB4MjAwLTEuanBlZyIsInNsaWRlc2hvdyI6IjljOWRmY2YifQ%3D%3D\" href='https:\/\/eis-ekagroup.com\/wp-content\/uploads\/2024\/06\/pexels-photo-216578-1-400x200-1.jpeg'><img decoding=\"async\" width=\"400\" height=\"200\" src=\"https:\/\/eis-ekagroup.com\/wp-content\/uploads\/2024\/06\/pexels-photo-216578-1-400x200-1.jpeg\" class=\"attachment-full size-full\" alt=\"\" srcset=\"https:\/\/eis-ekagroup.com\/wp-content\/uploads\/2024\/06\/pexels-photo-216578-1-400x200-1.jpeg 400w, https:\/\/eis-ekagroup.com\/wp-content\/uploads\/2024\/06\/pexels-photo-216578-1-400x200-1-300x150.jpeg 300w\" sizes=\"(max-width: 400px) 100vw, 400px\" \/><\/a>\n\t\t\t<\/div><\/figure><figure class='gallery-item'>\n\t\t\t<div class='gallery-icon landscape'>\n\t\t\t\t<a data-elementor-open-lightbox=\"yes\" data-elementor-lightbox-slideshow=\"9c9dfcf\" data-elementor-lightbox-title=\"pexels-photo-918989-400x200\" data-e-action-hash=\"#elementor-action%3Aaction%3Dlightbox%26settings%3DeyJpZCI6NTMzLCJ1cmwiOiJodHRwczpcL1wvZWlzLWVrYWdyb3VwLmNvbVwvd3AtY29udGVudFwvdXBsb2Fkc1wvMjAyNFwvMDZcL3BleGVscy1waG90by05MTg5ODktNDAweDIwMC0xLmpwZWciLCJzbGlkZXNob3ciOiI5YzlkZmNmIn0%3D\" href='https:\/\/eis-ekagroup.com\/wp-content\/uploads\/2024\/06\/pexels-photo-918989-400x200-1.jpeg'><img loading=\"lazy\" decoding=\"async\" width=\"400\" height=\"200\" src=\"https:\/\/eis-ekagroup.com\/wp-content\/uploads\/2024\/06\/pexels-photo-918989-400x200-1.jpeg\" class=\"attachment-full size-full\" alt=\"\" srcset=\"https:\/\/eis-ekagroup.com\/wp-content\/uploads\/2024\/06\/pexels-photo-918989-400x200-1.jpeg 400w, https:\/\/eis-ekagroup.com\/wp-content\/uploads\/2024\/06\/pexels-photo-918989-400x200-1-300x150.jpeg 300w\" sizes=\"(max-width: 400px) 100vw, 400px\" \/><\/a>\n\t\t\t<\/div><\/figure>\n\t\t<\/div>\n\t\t<\/div>\n\t\t\t\t\t\t<\/div>\n\t\t\t\t<\/div>\n\t\t\t\t\t<\/div>\n\t\t\t\t<\/div>\n\t\t\t\t\t<\/div>\n\t\t\t\t<\/div>\n\t\t<div class=\"elementor-element elementor-element-e6c1aaf e-flex e-con-boxed wpr-particle-no wpr-jarallax-no wpr-parallax-no wpr-sticky-section-no e-con e-parent\" data-id=\"e6c1aaf\" data-element_type=\"container\" data-e-type=\"container\" data-settings=\"{&quot;background_background&quot;:&quot;classic&quot;}\">\n\t\t\t\t\t<div class=\"e-con-inner\">\n\t\t\t\t<div class=\"elementor-element elementor-element-7752019 elementor-widget-tablet__width-inherit elementor-widget elementor-widget-heading\" data-id=\"7752019\" data-element_type=\"widget\" data-e-type=\"widget\" data-widget_type=\"heading.default\">\n\t\t\t\t<div class=\"elementor-widget-container\">\n\t\t\t\t\t<h2 class=\"elementor-heading-title elementor-size-default\">Galerie des travaux<\/h2>\t\t\t\t<\/div>\n\t\t\t\t<\/div>\n\t\t\t\t<div class=\"elementor-element elementor-element-ea6e06f elementor-arrows-position-outside elementor-pagination-position-outside elementor-widget elementor-widget-image-carousel\" data-id=\"ea6e06f\" data-element_type=\"widget\" data-e-type=\"widget\" data-settings=\"{&quot;slides_to_show&quot;:&quot;3&quot;,&quot;image_spacing_custom&quot;:{&quot;unit&quot;:&quot;px&quot;,&quot;size&quot;:15,&quot;sizes&quot;:[]},&quot;navigation&quot;:&quot;both&quot;,&quot;autoplay&quot;:&quot;yes&quot;,&quot;pause_on_hover&quot;:&quot;yes&quot;,&quot;pause_on_interaction&quot;:&quot;yes&quot;,&quot;autoplay_speed&quot;:5000,&quot;infinite&quot;:&quot;yes&quot;,&quot;speed&quot;:500,&quot;image_spacing_custom_tablet&quot;:{&quot;unit&quot;:&quot;px&quot;,&quot;size&quot;:&quot;&quot;,&quot;sizes&quot;:[]},&quot;image_spacing_custom_mobile&quot;:{&quot;unit&quot;:&quot;px&quot;,&quot;size&quot;:&quot;&quot;,&quot;sizes&quot;:[]}}\" data-widget_type=\"image-carousel.default\">\n\t\t\t\t<div class=\"elementor-widget-container\">\n\t\t\t\t\t\t\t<div class=\"elementor-image-carousel-wrapper swiper\" role=\"region\" aria-roledescription=\"carousel\" aria-label=\"Carrousel d\u2019images\" dir=\"ltr\">\n\t\t\t<div class=\"elementor-image-carousel swiper-wrapper\" aria-live=\"off\">\n\t\t\t\t\t\t\t\t<div class=\"swiper-slide\" role=\"group\" aria-roledescription=\"slide\" aria-label=\"1 sur 6\"><figure class=\"swiper-slide-inner\"><img decoding=\"async\" class=\"swiper-slide-image\" src=\"https:\/\/eis-ekagroup.com\/wp-content\/uploads\/2024\/06\/ele-400x200-2.jpg\" alt=\"ele-400x200\" \/><\/figure><\/div><div class=\"swiper-slide\" role=\"group\" aria-roledescription=\"slide\" aria-label=\"2 sur 6\"><figure class=\"swiper-slide-inner\"><img decoding=\"async\" class=\"swiper-slide-image\" src=\"https:\/\/eis-ekagroup.com\/wp-content\/uploads\/2024\/06\/pexels-photo-918989-400x200-1.jpeg\" alt=\"pexels-photo-918989-400x200\" \/><\/figure><\/div><div class=\"swiper-slide\" role=\"group\" aria-roledescription=\"slide\" aria-label=\"3 sur 6\"><figure class=\"swiper-slide-inner\"><img decoding=\"async\" class=\"swiper-slide-image\" src=\"https:\/\/eis-ekagroup.com\/wp-content\/uploads\/2024\/06\/angelique-banner1-min_1505378129-400x200-1.jpg\" alt=\"angelique-banner1-min_1505378129-400x200\" \/><\/figure><\/div><div class=\"swiper-slide\" role=\"group\" aria-roledescription=\"slide\" aria-label=\"4 sur 6\"><figure class=\"swiper-slide-inner\"><img decoding=\"async\" class=\"swiper-slide-image\" src=\"https:\/\/eis-ekagroup.com\/wp-content\/uploads\/2024\/06\/eis-eka-energie-electrique-400x200-1.jpeg\" alt=\"eis-eka-energie-e\u0301lectrique-400x200\" \/><\/figure><\/div><div class=\"swiper-slide\" role=\"group\" aria-roledescription=\"slide\" aria-label=\"5 sur 6\"><figure class=\"swiper-slide-inner\"><img decoding=\"async\" class=\"swiper-slide-image\" src=\"https:\/\/eis-ekagroup.com\/wp-content\/uploads\/2024\/06\/ele-400x200-1.jpg\" alt=\"ele-400x200\" \/><\/figure><\/div><div class=\"swiper-slide\" role=\"group\" aria-roledescription=\"slide\" aria-label=\"6 sur 6\"><figure class=\"swiper-slide-inner\"><img decoding=\"async\" class=\"swiper-slide-image\" src=\"https:\/\/eis-ekagroup.com\/wp-content\/uploads\/2024\/06\/pexels-photo-216578-1-400x200-1.jpeg\" alt=\"pexels-photo-216578-1-400x200\" \/><\/figure><\/div>\t\t\t<\/div>\n\t\t\t\t\t\t\t\t\t\t\t\t<div class=\"elementor-swiper-button elementor-swiper-button-prev\" role=\"button\" tabindex=\"0\">\n\t\t\t\t\t\t<svg aria-hidden=\"true\" class=\"e-font-icon-svg e-eicon-chevron-left\" viewBox=\"0 0 1000 1000\" xmlns=\"http:\/\/www.w3.org\/2000\/svg\"><path d=\"M646 125C629 125 613 133 604 142L308 442C296 454 292 471 292 487 292 504 296 521 308 533L604 854C617 867 629 875 646 875 663 875 679 871 692 858 704 846 713 829 713 812 713 796 708 779 692 767L438 487 692 225C700 217 708 204 708 187 708 171 704 154 692 142 675 129 663 125 646 125Z\"><\/path><\/svg>\t\t\t\t\t<\/div>\n\t\t\t\t\t<div class=\"elementor-swiper-button elementor-swiper-button-next\" role=\"button\" tabindex=\"0\">\n\t\t\t\t\t\t<svg aria-hidden=\"true\" class=\"e-font-icon-svg e-eicon-chevron-right\" viewBox=\"0 0 1000 1000\" xmlns=\"http:\/\/www.w3.org\/2000\/svg\"><path d=\"M696 533C708 521 713 504 713 487 713 471 708 454 696 446L400 146C388 133 375 125 354 125 338 125 325 129 313 142 300 154 292 171 292 187 292 204 296 221 308 233L563 492 304 771C292 783 288 800 288 817 288 833 296 850 308 863 321 871 338 875 354 875 371 875 388 867 400 854L696 533Z\"><\/path><\/svg>\t\t\t\t\t<\/div>\n\t\t\t\t\n\t\t\t\t\t\t\t\t\t<div class=\"swiper-pagination\"><\/div>\n\t\t\t\t\t\t\t\t\t<\/div>\n\t\t\t\t\t\t<\/div>\n\t\t\t\t<\/div>\n\t\t\t\t\t<\/div>\n\t\t\t\t<\/div>\n\t\t\t\t<\/div>\n\t\t","protected":false},"excerpt":{"rendered":"<p>L\u2019\u00e9nergie \u00c9lectrique L\u2019\u00e9nergie \u00e9lectrique est l\u2019ingr\u00e9dient le plus important pour l\u2019infrastructure et la croissance de toute \u00e9conomie. Aujourd\u2019hui, il est impossible d\u2019imaginer le monde sans \u00e9lectricit\u00e9. Il y a une forte croissance attendue dans le secteur de l\u2019\u00e9nergie \u00e9lectrique dans le monde. Nous entreprenons la mise en place des projets, la fourniture d\u2019\u00e9quipement dans les zones suivantes du secteur de l\u2019\u00e9lectricit\u00e9 \u2013 Production d\u2019\u00e9lectricit\u00e9 Lignes de transport Distribution \u00e9lectrique et sous-stations \u00c9lectrification rurale L\u2019\u00e9nergie renouvelable La force du Groupe EIS-EKA r\u00e9side dans la conception interne, l\u2019ing\u00e9nierie, l\u2019approvisionnement et la construction de projets d\u2019\u00e9lectricit\u00e9. Notre d\u00e9partement de conception et d\u2019ing\u00e9nierie est parfaitement \u00e9quip\u00e9 et soutenu par l\u2019analyse 3D informatis\u00e9e et le logiciel de conception. Galerie des travaux<\/p>\n","protected":false},"author":2,"featured_media":0,"parent":0,"menu_order":0,"comment_status":"closed","ping_status":"closed","template":"elementor_header_footer","meta":{"_eb_attr":"","footnotes":""},"class_list":["post-518","page","type-page","status-publish","hentry"],"_links":{"self":[{"href":"https:\/\/eis-ekagroup.com\/index.php?rest_route=\/wp\/v2\/pages\/518","targetHints":{"allow":["GET"]}}],"collection":[{"href":"https:\/\/eis-ekagroup.com\/index.php?rest_route=\/wp\/v2\/pages"}],"about":[{"href":"https:\/\/eis-ekagroup.com\/index.php?rest_route=\/wp\/v2\/types\/page"}],"author":[{"embeddable":true,"href":"https:\/\/eis-ekagroup.com\/index.php?rest_route=\/wp\/v2\/users\/2"}],"replies":[{"embeddable":true,"href":"https:\/\/eis-ekagroup.com\/index.php?rest_route=%2Fwp%2Fv2%2Fcomments&post=518"}],"version-history":[{"count":19,"href":"https:\/\/eis-ekagroup.com\/index.php?rest_route=\/wp\/v2\/pages\/518\/revisions"}],"predecessor-version":[{"id":765,"href":"https:\/\/eis-ekagroup.com\/index.php?rest_route=\/wp\/v2\/pages\/518\/revisions\/765"}],"wp:attachment":[{"href":"https:\/\/eis-ekagroup.com\/index.php?rest_route=%2Fwp%2Fv2%2Fmedia&parent=518"}],"curies":[{"name":"wp","href":"https:\/\/api.w.org\/{rel}","templated":true}]}}