{"id":537,"date":"2024-06-15T18:48:40","date_gmt":"2024-06-15T16:48:40","guid":{"rendered":"http:\/\/127.0.0.1\/eka-groupe\/?page_id=537"},"modified":"2025-04-03T15:49:14","modified_gmt":"2025-04-03T13:49:14","slug":"leau","status":"publish","type":"page","link":"https:\/\/eis-ekagroup.com\/?page_id=537","title":{"rendered":"L&rsquo;eau"},"content":{"rendered":"<style>.elementor-537 .elementor-element.elementor-element-4d09359{--display:flex;--flex-direction:column;--container-widget-width:100%;--container-widget-height:initial;--container-widget-flex-grow:0;--container-widget-align-self:initial;--flex-wrap-mobile:wrap;--padding-top:60px;--padding-bottom:60px;--padding-left:0px;--padding-right:0px;}.elementor-537 .elementor-element.elementor-element-4d09359:not(.elementor-motion-effects-element-type-background), .elementor-537 .elementor-element.elementor-element-4d09359 > .elementor-motion-effects-container > .elementor-motion-effects-layer{background-image:url(\"https:\/\/eis-ekagroup.com\/wp-content\/uploads\/2024\/06\/shape19-2-1-150x150-1.png\");}.elementor-widget-heading .elementor-heading-title{font-family:var( --e-global-typography-primary-font-family ), Sans-serif;font-weight:var( --e-global-typography-primary-font-weight );color:var( --e-global-color-primary );}.elementor-537 .elementor-element.elementor-element-83448cd{text-align:center;}.elementor-537 .elementor-element.elementor-element-83448cd .elementor-heading-title{font-family:\"Poppins\", Sans-serif;font-size:2.5rem;font-weight:700;line-height:1.2em;color:#000000;}.elementor-537 .elementor-element.elementor-element-a885c8c{--display:flex;--flex-direction:row;--container-widget-width:calc( ( 1 - var( --container-widget-flex-grow ) ) * 100% );--container-widget-height:100%;--container-widget-flex-grow:1;--container-widget-align-self:stretch;--flex-wrap-mobile:wrap;--align-items:center;--gap:0px 40px;--row-gap:0px;--column-gap:40px;}.elementor-widget-image-gallery .gallery-item .gallery-caption{font-family:var( --e-global-typography-accent-font-family ), Sans-serif;font-weight:var( --e-global-typography-accent-font-weight );}.elementor-537 .elementor-element.elementor-element-12cdda4 .gallery-item{padding:0 7px 7px 0;}.elementor-537 .elementor-element.elementor-element-12cdda4 .gallery{margin:0 -7px -7px 0;}.elementor-537 .elementor-element.elementor-element-12cdda4 .gallery-item .gallery-caption{text-align:center;}.elementor-537 .elementor-element.elementor-element-12cdda4{width:var( --container-widget-width, 41.674% );max-width:41.674%;--container-widget-width:41.674%;--container-widget-flex-grow:0;}.elementor-537 .elementor-element.elementor-element-12cdda4.elementor-element{--flex-grow:0;--flex-shrink:0;}.elementor-widget-text-editor{font-family:var( --e-global-typography-text-font-family ), Sans-serif;font-weight:var( --e-global-typography-text-font-weight );color:var( --e-global-color-text );}.elementor-widget-text-editor.elementor-drop-cap-view-stacked .elementor-drop-cap{background-color:var( --e-global-color-primary );}.elementor-widget-text-editor.elementor-drop-cap-view-framed .elementor-drop-cap, .elementor-widget-text-editor.elementor-drop-cap-view-default .elementor-drop-cap{color:var( --e-global-color-primary );border-color:var( --e-global-color-primary );}.elementor-537 .elementor-element.elementor-element-030c093{color:#383838;}.elementor-537 .elementor-element.elementor-element-e88a067{--display:flex;--flex-direction:column;--container-widget-width:100%;--container-widget-height:initial;--container-widget-flex-grow:0;--container-widget-align-self:initial;--flex-wrap-mobile:wrap;--padding-top:050px;--padding-bottom:50px;--padding-left:0px;--padding-right:0px;}.elementor-537 .elementor-element.elementor-element-e88a067:not(.elementor-motion-effects-element-type-background), .elementor-537 .elementor-element.elementor-element-e88a067 > .elementor-motion-effects-container > .elementor-motion-effects-layer{background-color:#231F20;background-image:url(\"https:\/\/eis-ekagroup.com\/wp-content\/uploads\/2024\/06\/shape34-2-1.png\");}.elementor-537 .elementor-element.elementor-element-d9508fd{text-align:center;}.elementor-537 .elementor-element.elementor-element-d9508fd .elementor-heading-title{font-family:\"Poppins\", Sans-serif;font-size:2.5rem;font-weight:700;line-height:1.2em;color:#F68C49;}.elementor-537 .elementor-element.elementor-element-a58e3d2{--e-image-carousel-slides-to-show:3;}.elementor-537 .elementor-element.elementor-element-a58e3d2 .elementor-swiper-button.elementor-swiper-button-prev, .elementor-537 .elementor-element.elementor-element-a58e3d2 .elementor-swiper-button.elementor-swiper-button-next{font-size:28px;color:#F68C49;}.elementor-537 .elementor-element.elementor-element-a58e3d2 .elementor-swiper-button.elementor-swiper-button-prev svg, .elementor-537 .elementor-element.elementor-element-a58e3d2 .elementor-swiper-button.elementor-swiper-button-next svg{fill:#F68C49;}.elementor-537 .elementor-element.elementor-element-a58e3d2 .swiper-pagination-bullet{width:8px;height:8px;background:#F68C49;}.elementor-537 .elementor-element.elementor-element-a58e3d2 .swiper-pagination-bullet:not(.swiper-pagination-bullet-active){background:#E2E2E2;opacity:1;}@media(max-width:1024px){.elementor-537 .elementor-element.elementor-element-83448cd{width:100%;max-width:100%;}.elementor-537 .elementor-element.elementor-element-d9508fd{width:100%;max-width:100%;}}@media(max-width:767px){.elementor-537 .elementor-element.elementor-element-83448cd .elementor-heading-title{font-size:1.4rem;}.elementor-537 .elementor-element.elementor-element-d9508fd .elementor-heading-title{font-size:1.4rem;}}<\/style>\t\t<div data-elementor-type=\"wp-page\" data-elementor-id=\"537\" class=\"elementor elementor-537\">\n\t\t\t\t<div class=\"elementor-element elementor-element-4d09359 e-flex e-con-boxed wpr-particle-no wpr-jarallax-no wpr-parallax-no wpr-sticky-section-no e-con e-parent\" data-id=\"4d09359\" data-element_type=\"container\" data-e-type=\"container\" data-settings=\"{&quot;background_background&quot;:&quot;classic&quot;}\">\n\t\t\t\t\t<div class=\"e-con-inner\">\n\t\t\t\t<div class=\"elementor-element elementor-element-83448cd elementor-widget-tablet__width-inherit elementor-widget elementor-widget-heading\" data-id=\"83448cd\" data-element_type=\"widget\" data-e-type=\"widget\" data-widget_type=\"heading.default\">\n\t\t\t\t<div class=\"elementor-widget-container\">\n\t\t\t\t\t<h2 class=\"elementor-heading-title elementor-size-default\">Adduction d'eau<\/h2>\t\t\t\t<\/div>\n\t\t\t\t<\/div>\n\t\t<div class=\"elementor-element elementor-element-a885c8c e-flex e-con-boxed wpr-particle-no wpr-jarallax-no wpr-parallax-no wpr-sticky-section-no e-con e-child\" data-id=\"a885c8c\" data-element_type=\"container\" data-e-type=\"container\">\n\t\t\t\t\t<div class=\"e-con-inner\">\n\t\t\t\t<div class=\"elementor-element elementor-element-12cdda4 gallery-spacing-custom elementor-widget__width-initial elementor-widget elementor-widget-image-gallery\" data-id=\"12cdda4\" data-element_type=\"widget\" data-e-type=\"widget\" data-widget_type=\"image-gallery.default\">\n\t\t\t\t<div class=\"elementor-widget-container\">\n\t\t\t\t\t\t\t<div class=\"elementor-image-gallery\">\n\t\t\t<div id='gallery-1' class='gallery galleryid-537 gallery-columns-2 gallery-size-full'><figure class='gallery-item'>\n\t\t\t<div class='gallery-icon landscape'>\n\t\t\t\t<a data-elementor-open-lightbox=\"yes\" data-elementor-lightbox-slideshow=\"12cdda4\" data-elementor-lightbox-title=\"water-banner-2_1473665210_1484546880-400x200\" data-e-action-hash=\"#elementor-action%3Aaction%3Dlightbox%26settings%3DeyJpZCI6NTQzLCJ1cmwiOiJodHRwczpcL1wvZWlzLWVrYWdyb3VwLmNvbVwvd3AtY29udGVudFwvdXBsb2Fkc1wvMjAyNFwvMDZcL3dhdGVyLWJhbm5lci0yXzE0NzM2NjUyMTBfMTQ4NDU0Njg4MC00MDB4MjAwLTEuanBnIiwic2xpZGVzaG93IjoiMTJjZGRhNCJ9\" href='https:\/\/eis-ekagroup.com\/wp-content\/uploads\/2024\/06\/water-banner-2_1473665210_1484546880-400x200-1.jpg'><img fetchpriority=\"high\" decoding=\"async\" width=\"400\" height=\"200\" src=\"https:\/\/eis-ekagroup.com\/wp-content\/uploads\/2024\/06\/water-banner-2_1473665210_1484546880-400x200-1.jpg\" class=\"attachment-full size-full\" alt=\"\" srcset=\"https:\/\/eis-ekagroup.com\/wp-content\/uploads\/2024\/06\/water-banner-2_1473665210_1484546880-400x200-1.jpg 400w, https:\/\/eis-ekagroup.com\/wp-content\/uploads\/2024\/06\/water-banner-2_1473665210_1484546880-400x200-1-300x150.jpg 300w\" sizes=\"(max-width: 400px) 100vw, 400px\" \/><\/a>\n\t\t\t<\/div><\/figure><figure class='gallery-item'>\n\t\t\t<div class='gallery-icon landscape'>\n\t\t\t\t<a data-elementor-open-lightbox=\"yes\" data-elementor-lightbox-slideshow=\"12cdda4\" data-elementor-lightbox-title=\"water-1-400x200\" data-e-action-hash=\"#elementor-action%3Aaction%3Dlightbox%26settings%3DeyJpZCI6NTQxLCJ1cmwiOiJodHRwczpcL1wvZWlzLWVrYWdyb3VwLmNvbVwvd3AtY29udGVudFwvdXBsb2Fkc1wvMjAyNFwvMDZcL3dhdGVyLTEtNDAweDIwMC0xLnBuZyIsInNsaWRlc2hvdyI6IjEyY2RkYTQifQ%3D%3D\" href='https:\/\/eis-ekagroup.com\/wp-content\/uploads\/2024\/06\/water-1-400x200-1.png'><img decoding=\"async\" width=\"400\" height=\"200\" src=\"https:\/\/eis-ekagroup.com\/wp-content\/uploads\/2024\/06\/water-1-400x200-1.png\" class=\"attachment-full size-full\" alt=\"\" srcset=\"https:\/\/eis-ekagroup.com\/wp-content\/uploads\/2024\/06\/water-1-400x200-1.png 400w, https:\/\/eis-ekagroup.com\/wp-content\/uploads\/2024\/06\/water-1-400x200-1-300x150.png 300w\" sizes=\"(max-width: 400px) 100vw, 400px\" \/><\/a>\n\t\t\t<\/div><\/figure><figure class='gallery-item'>\n\t\t\t<div class='gallery-icon landscape'>\n\t\t\t\t<a data-elementor-open-lightbox=\"yes\" data-elementor-lightbox-slideshow=\"12cdda4\" data-elementor-lightbox-title=\"agriculture-banner-1_1473665504_1484547121_1495534812-1-400x200\" data-e-action-hash=\"#elementor-action%3Aaction%3Dlightbox%26settings%3DeyJpZCI6NTQwLCJ1cmwiOiJodHRwczpcL1wvZWlzLWVrYWdyb3VwLmNvbVwvd3AtY29udGVudFwvdXBsb2Fkc1wvMjAyNFwvMDZcL2FncmljdWx0dXJlLWJhbm5lci0xXzE0NzM2NjU1MDRfMTQ4NDU0NzEyMV8xNDk1NTM0ODEyLTEtNDAweDIwMC0xLmpwZyIsInNsaWRlc2hvdyI6IjEyY2RkYTQifQ%3D%3D\" href='https:\/\/eis-ekagroup.com\/wp-content\/uploads\/2024\/06\/agriculture-banner-1_1473665504_1484547121_1495534812-1-400x200-1.jpg'><img decoding=\"async\" width=\"400\" height=\"200\" src=\"https:\/\/eis-ekagroup.com\/wp-content\/uploads\/2024\/06\/agriculture-banner-1_1473665504_1484547121_1495534812-1-400x200-1.jpg\" class=\"attachment-full size-full\" alt=\"\" srcset=\"https:\/\/eis-ekagroup.com\/wp-content\/uploads\/2024\/06\/agriculture-banner-1_1473665504_1484547121_1495534812-1-400x200-1.jpg 400w, https:\/\/eis-ekagroup.com\/wp-content\/uploads\/2024\/06\/agriculture-banner-1_1473665504_1484547121_1495534812-1-400x200-1-300x150.jpg 300w\" sizes=\"(max-width: 400px) 100vw, 400px\" \/><\/a>\n\t\t\t<\/div><\/figure><figure class='gallery-item'>\n\t\t\t<div class='gallery-icon landscape'>\n\t\t\t\t<a data-elementor-open-lightbox=\"yes\" data-elementor-lightbox-slideshow=\"12cdda4\" data-elementor-lightbox-title=\"water-banner-1_1473665179_1484546872-400x200\" data-e-action-hash=\"#elementor-action%3Aaction%3Dlightbox%26settings%3DeyJpZCI6NTQ4LCJ1cmwiOiJodHRwczpcL1wvZWlzLWVrYWdyb3VwLmNvbVwvd3AtY29udGVudFwvdXBsb2Fkc1wvMjAyNFwvMDZcL3dhdGVyLWJhbm5lci0xXzE0NzM2NjUxNzlfMTQ4NDU0Njg3Mi00MDB4MjAwLTEuanBnIiwic2xpZGVzaG93IjoiMTJjZGRhNCJ9\" href='https:\/\/eis-ekagroup.com\/wp-content\/uploads\/2024\/06\/water-banner-1_1473665179_1484546872-400x200-1.jpg'><img loading=\"lazy\" decoding=\"async\" width=\"400\" height=\"200\" src=\"https:\/\/eis-ekagroup.com\/wp-content\/uploads\/2024\/06\/water-banner-1_1473665179_1484546872-400x200-1.jpg\" class=\"attachment-full size-full\" alt=\"\" srcset=\"https:\/\/eis-ekagroup.com\/wp-content\/uploads\/2024\/06\/water-banner-1_1473665179_1484546872-400x200-1.jpg 400w, https:\/\/eis-ekagroup.com\/wp-content\/uploads\/2024\/06\/water-banner-1_1473665179_1484546872-400x200-1-300x150.jpg 300w\" sizes=\"(max-width: 400px) 100vw, 400px\" \/><\/a>\n\t\t\t<\/div><\/figure>\n\t\t<\/div>\n\t\t<\/div>\n\t\t\t\t\t\t<\/div>\n\t\t\t\t<\/div>\n\t\t\t\t<div class=\"elementor-element elementor-element-030c093 elementor-widget elementor-widget-text-editor\" data-id=\"030c093\" data-element_type=\"widget\" data-e-type=\"widget\" data-widget_type=\"text-editor.default\">\n\t\t\t\t<div class=\"elementor-widget-container\">\n\t\t\t\t\t\t\t\t\t<p>L\u2019eau est la ressources la plus cruciale et pr\u00e9cieuse sur la terre et un don \u00e0 l\u2019humanit\u00e9. La pr\u00e9servation et l\u2019utilisation efficace de l\u2019eau sont devenus un grand d\u00e9fi pour le monde.<\/p><p>L\u2019eau potable est une exigence de base pour la survie humaine. La planification et la conception de plans d\u2019approvisionnement en eau sont importants afin d\u2019exploiter les ressources limit\u00e9es des eaux souterraines, rivi\u00e8res, lacs, etc.<\/p><div class=\"hydra-div\"><p><a name=\"hydro\"><\/a><strong>Le Groupe EIS-EKA offre les derni\u00e8res technologies et projets en \u2013<\/strong><\/p><ul><li>Stockage et approvisionnement en eau<\/li><li>Stations de traitement de l\u2019eau et des eaux us\u00e9es<\/li><li>Stations de pompage de l\u2019eau<\/li><li>Projets publics d\u2019approvisionnement en eau<\/li><\/ul><p>De nouveaux projets, la modernisation et l\u2019expansion d\u2019installations existantes font partie de notre comp\u00e9tence principale.<\/p><\/div>\t\t\t\t\t\t\t\t<\/div>\n\t\t\t\t<\/div>\n\t\t\t\t\t<\/div>\n\t\t\t\t<\/div>\n\t\t\t\t\t<\/div>\n\t\t\t\t<\/div>\n\t\t<div class=\"elementor-element elementor-element-e88a067 e-flex e-con-boxed wpr-particle-no wpr-jarallax-no wpr-parallax-no wpr-sticky-section-no e-con e-parent\" data-id=\"e88a067\" data-element_type=\"container\" data-e-type=\"container\" data-settings=\"{&quot;background_background&quot;:&quot;classic&quot;}\">\n\t\t\t\t\t<div class=\"e-con-inner\">\n\t\t\t\t<div class=\"elementor-element elementor-element-d9508fd elementor-widget-tablet__width-inherit elementor-widget elementor-widget-heading\" data-id=\"d9508fd\" data-element_type=\"widget\" data-e-type=\"widget\" data-widget_type=\"heading.default\">\n\t\t\t\t<div class=\"elementor-widget-container\">\n\t\t\t\t\t<h2 class=\"elementor-heading-title elementor-size-default\">Galerie des travaux<\/h2>\t\t\t\t<\/div>\n\t\t\t\t<\/div>\n\t\t\t\t<div class=\"elementor-element elementor-element-a58e3d2 elementor-arrows-position-outside elementor-pagination-position-outside elementor-widget elementor-widget-image-carousel\" data-id=\"a58e3d2\" data-element_type=\"widget\" data-e-type=\"widget\" data-settings=\"{&quot;slides_to_show&quot;:&quot;3&quot;,&quot;image_spacing_custom&quot;:{&quot;unit&quot;:&quot;px&quot;,&quot;size&quot;:15,&quot;sizes&quot;:[]},&quot;navigation&quot;:&quot;both&quot;,&quot;autoplay&quot;:&quot;yes&quot;,&quot;pause_on_hover&quot;:&quot;yes&quot;,&quot;pause_on_interaction&quot;:&quot;yes&quot;,&quot;autoplay_speed&quot;:5000,&quot;infinite&quot;:&quot;yes&quot;,&quot;speed&quot;:500,&quot;image_spacing_custom_tablet&quot;:{&quot;unit&quot;:&quot;px&quot;,&quot;size&quot;:&quot;&quot;,&quot;sizes&quot;:[]},&quot;image_spacing_custom_mobile&quot;:{&quot;unit&quot;:&quot;px&quot;,&quot;size&quot;:&quot;&quot;,&quot;sizes&quot;:[]}}\" data-widget_type=\"image-carousel.default\">\n\t\t\t\t<div class=\"elementor-widget-container\">\n\t\t\t\t\t\t\t<div class=\"elementor-image-carousel-wrapper swiper\" role=\"region\" aria-roledescription=\"carousel\" aria-label=\"Carrousel d\u2019images\" dir=\"ltr\">\n\t\t\t<div class=\"elementor-image-carousel swiper-wrapper\" aria-live=\"off\">\n\t\t\t\t\t\t\t\t<div class=\"swiper-slide\" role=\"group\" aria-roledescription=\"slide\" aria-label=\"1 sur 6\"><figure class=\"swiper-slide-inner\"><img decoding=\"async\" class=\"swiper-slide-image\" src=\"https:\/\/eis-ekagroup.com\/wp-content\/uploads\/2024\/06\/water-2-400x200-1.png\" alt=\"water-2-400x200\" \/><\/figure><\/div><div class=\"swiper-slide\" role=\"group\" aria-roledescription=\"slide\" aria-label=\"2 sur 6\"><figure class=\"swiper-slide-inner\"><img decoding=\"async\" class=\"swiper-slide-image\" src=\"https:\/\/eis-ekagroup.com\/wp-content\/uploads\/2024\/06\/water-banner-1_1473665179_1484546872-400x200-1.jpg\" alt=\"water-banner-1_1473665179_1484546872-400x200\" \/><\/figure><\/div><div class=\"swiper-slide\" role=\"group\" aria-roledescription=\"slide\" aria-label=\"3 sur 6\"><figure class=\"swiper-slide-inner\"><img decoding=\"async\" class=\"swiper-slide-image\" src=\"https:\/\/eis-ekagroup.com\/wp-content\/uploads\/2024\/06\/water-banner-2_1473665210_1484546880-400x200-1.jpg\" alt=\"water-banner-2_1473665210_1484546880-400x200\" \/><\/figure><\/div><div class=\"swiper-slide\" role=\"group\" aria-roledescription=\"slide\" aria-label=\"4 sur 6\"><figure class=\"swiper-slide-inner\"><img decoding=\"async\" class=\"swiper-slide-image\" src=\"https:\/\/eis-ekagroup.com\/wp-content\/uploads\/2024\/06\/water-328x200-1.jpg\" alt=\"water-328x200\" \/><\/figure><\/div><div class=\"swiper-slide\" role=\"group\" aria-roledescription=\"slide\" aria-label=\"5 sur 6\"><figure class=\"swiper-slide-inner\"><img decoding=\"async\" class=\"swiper-slide-image\" src=\"https:\/\/eis-ekagroup.com\/wp-content\/uploads\/2024\/06\/water-1-400x200-1.png\" alt=\"water-1-400x200\" \/><\/figure><\/div><div class=\"swiper-slide\" role=\"group\" aria-roledescription=\"slide\" aria-label=\"6 sur 6\"><figure class=\"swiper-slide-inner\"><img decoding=\"async\" class=\"swiper-slide-image\" src=\"https:\/\/eis-ekagroup.com\/wp-content\/uploads\/2024\/06\/agriculture-banner-1_1473665504_1484547121_1495534812-1-400x200-1.jpg\" alt=\"agriculture-banner-1_1473665504_1484547121_1495534812-1-400x200\" \/><\/figure><\/div>\t\t\t<\/div>\n\t\t\t\t\t\t\t\t\t\t\t\t<div class=\"elementor-swiper-button elementor-swiper-button-prev\" role=\"button\" tabindex=\"0\">\n\t\t\t\t\t\t<svg aria-hidden=\"true\" class=\"e-font-icon-svg e-eicon-chevron-left\" viewBox=\"0 0 1000 1000\" xmlns=\"http:\/\/www.w3.org\/2000\/svg\"><path d=\"M646 125C629 125 613 133 604 142L308 442C296 454 292 471 292 487 292 504 296 521 308 533L604 854C617 867 629 875 646 875 663 875 679 871 692 858 704 846 713 829 713 812 713 796 708 779 692 767L438 487 692 225C700 217 708 204 708 187 708 171 704 154 692 142 675 129 663 125 646 125Z\"><\/path><\/svg>\t\t\t\t\t<\/div>\n\t\t\t\t\t<div class=\"elementor-swiper-button elementor-swiper-button-next\" role=\"button\" tabindex=\"0\">\n\t\t\t\t\t\t<svg aria-hidden=\"true\" class=\"e-font-icon-svg e-eicon-chevron-right\" viewBox=\"0 0 1000 1000\" xmlns=\"http:\/\/www.w3.org\/2000\/svg\"><path d=\"M696 533C708 521 713 504 713 487 713 471 708 454 696 446L400 146C388 133 375 125 354 125 338 125 325 129 313 142 300 154 292 171 292 187 292 204 296 221 308 233L563 492 304 771C292 783 288 800 288 817 288 833 296 850 308 863 321 871 338 875 354 875 371 875 388 867 400 854L696 533Z\"><\/path><\/svg>\t\t\t\t\t<\/div>\n\t\t\t\t\n\t\t\t\t\t\t\t\t\t<div class=\"swiper-pagination\"><\/div>\n\t\t\t\t\t\t\t\t\t<\/div>\n\t\t\t\t\t\t<\/div>\n\t\t\t\t<\/div>\n\t\t\t\t\t<\/div>\n\t\t\t\t<\/div>\n\t\t\t\t<\/div>\n\t\t","protected":false},"excerpt":{"rendered":"<p>Adduction d&rsquo;eau L\u2019eau est la ressources la plus cruciale et pr\u00e9cieuse sur la terre et un don \u00e0 l\u2019humanit\u00e9. La pr\u00e9servation et l\u2019utilisation efficace de l\u2019eau sont devenus un grand d\u00e9fi pour le monde. L\u2019eau potable est une exigence de base pour la survie humaine. La planification et la conception de plans d\u2019approvisionnement en eau sont importants afin d\u2019exploiter les ressources limit\u00e9es des eaux souterraines, rivi\u00e8res, lacs, etc. Le Groupe EIS-EKA offre les derni\u00e8res technologies et projets en \u2013 Stockage et approvisionnement en eau Stations de traitement de l\u2019eau et des eaux us\u00e9es Stations de pompage de l\u2019eau Projets publics d\u2019approvisionnement en eau De nouveaux projets, la modernisation et l\u2019expansion d\u2019installations existantes font partie de notre comp\u00e9tence principale. Galerie des travaux<\/p>\n","protected":false},"author":2,"featured_media":0,"parent":0,"menu_order":0,"comment_status":"closed","ping_status":"closed","template":"elementor_header_footer","meta":{"_eb_attr":"","footnotes":""},"class_list":["post-537","page","type-page","status-publish","hentry"],"_links":{"self":[{"href":"https:\/\/eis-ekagroup.com\/index.php?rest_route=\/wp\/v2\/pages\/537","targetHints":{"allow":["GET"]}}],"collection":[{"href":"https:\/\/eis-ekagroup.com\/index.php?rest_route=\/wp\/v2\/pages"}],"about":[{"href":"https:\/\/eis-ekagroup.com\/index.php?rest_route=\/wp\/v2\/types\/page"}],"author":[{"embeddable":true,"href":"https:\/\/eis-ekagroup.com\/index.php?rest_route=\/wp\/v2\/users\/2"}],"replies":[{"embeddable":true,"href":"https:\/\/eis-ekagroup.com\/index.php?rest_route=%2Fwp%2Fv2%2Fcomments&post=537"}],"version-history":[{"count":11,"href":"https:\/\/eis-ekagroup.com\/index.php?rest_route=\/wp\/v2\/pages\/537\/revisions"}],"predecessor-version":[{"id":1816,"href":"https:\/\/eis-ekagroup.com\/index.php?rest_route=\/wp\/v2\/pages\/537\/revisions\/1816"}],"wp:attachment":[{"href":"https:\/\/eis-ekagroup.com\/index.php?rest_route=%2Fwp%2Fv2%2Fmedia&parent=537"}],"curies":[{"name":"wp","href":"https:\/\/api.w.org\/{rel}","templated":true}]}}