{"id":634,"date":"2024-06-17T10:11:15","date_gmt":"2024-06-17T08:11:15","guid":{"rendered":"http:\/\/127.0.0.1\/eka-groupe\/?page_id=634"},"modified":"2025-04-03T15:49:14","modified_gmt":"2025-04-03T13:49:14","slug":"opportunites-professionnelles","status":"publish","type":"page","link":"https:\/\/eis-ekagroup.com\/?page_id=634","title":{"rendered":"Opportunit\u00e9s professionnelles"},"content":{"rendered":"<style>.elementor-634 .elementor-element.elementor-element-5b4af65{--display:flex;--flex-direction:column;--container-widget-width:100%;--container-widget-height:initial;--container-widget-flex-grow:0;--container-widget-align-self:initial;--flex-wrap-mobile:wrap;--gap:40px 20px;--row-gap:40px;--column-gap:20px;--padding-top:60px;--padding-bottom:60px;--padding-left:0px;--padding-right:0px;}.elementor-634 .elementor-element.elementor-element-5b4af65:not(.elementor-motion-effects-element-type-background), .elementor-634 .elementor-element.elementor-element-5b4af65 > .elementor-motion-effects-container > .elementor-motion-effects-layer{background-image:url(\"https:\/\/eis-ekagroup.com\/wp-content\/uploads\/2024\/06\/shape19-2-1-600x600-1.png\");}.elementor-widget-heading .elementor-heading-title{font-family:var( --e-global-typography-primary-font-family ), Sans-serif;font-weight:var( --e-global-typography-primary-font-weight );color:var( --e-global-color-primary );}.elementor-634 .elementor-element.elementor-element-8006da9{text-align:center;}.elementor-634 .elementor-element.elementor-element-8006da9 .elementor-heading-title{font-family:\"Poppins\", Sans-serif;font-size:2.5rem;font-weight:700;line-height:1.2em;color:#000000;}.elementor-634 .elementor-element.elementor-element-e3827ef{--display:flex;--flex-direction:column;--container-widget-width:calc( ( 1 - var( --container-widget-flex-grow ) ) * 100% );--container-widget-height:initial;--container-widget-flex-grow:0;--container-widget-align-self:initial;--flex-wrap-mobile:wrap;--align-items:center;--gap:40px 20px;--row-gap:40px;--column-gap:20px;--border-radius:40px 40px 40px 40px;box-shadow:0px 0px 5px 0px rgba(0,0,0,0.5);--margin-top:0px;--margin-bottom:0px;--margin-left:0px;--margin-right:0px;--padding-top:60px;--padding-bottom:60px;--padding-left:0px;--padding-right:0px;}.elementor-634 .elementor-element.elementor-element-e3827ef:not(.elementor-motion-effects-element-type-background), .elementor-634 .elementor-element.elementor-element-e3827ef > .elementor-motion-effects-container > .elementor-motion-effects-layer{background-color:#FFFFFF66;}.elementor-634 .elementor-element.elementor-element-e3827ef:hover{box-shadow:0px 0px 15px 0px rgba(0,0,0,0.5);}.elementor-634 .elementor-element.elementor-element-9e458e2{--display:flex;}.elementor-634 .elementor-element.elementor-element-83c495f{text-align:center;}.elementor-634 .elementor-element.elementor-element-83c495f .elementor-heading-title{font-family:\"Poppins\", Sans-serif;font-size:1.8rem;font-weight:700;line-height:1.2em;color:#ED1C24;}.elementor-634 .elementor-element.elementor-element-1532ce5 > .elementor-widget-container{background-color:#F8F8F800;}@media(min-width:768px){.elementor-634 .elementor-element.elementor-element-9e458e2{--width:60%;}}@media(max-width:1024px){.elementor-634 .elementor-element.elementor-element-8006da9{width:100%;max-width:100%;}.elementor-634 .elementor-element.elementor-element-83c495f{width:100%;max-width:100%;}}@media(max-width:767px){.elementor-634 .elementor-element.elementor-element-8006da9 .elementor-heading-title{font-size:1.4rem;}.elementor-634 .elementor-element.elementor-element-83c495f .elementor-heading-title{font-size:1.4rem;}}<\/style>\t\t<div data-elementor-type=\"wp-page\" data-elementor-id=\"634\" class=\"elementor elementor-634\">\n\t\t\t\t<div class=\"elementor-element elementor-element-5b4af65 e-flex e-con-boxed wpr-particle-no wpr-jarallax-no wpr-parallax-no wpr-sticky-section-no e-con e-parent\" data-id=\"5b4af65\" data-element_type=\"container\" data-e-type=\"container\" data-settings=\"{&quot;background_background&quot;:&quot;classic&quot;}\">\n\t\t\t\t\t<div class=\"e-con-inner\">\n\t\t\t\t<div class=\"elementor-element elementor-element-8006da9 elementor-widget-tablet__width-inherit elementor-widget elementor-widget-heading\" data-id=\"8006da9\" data-element_type=\"widget\" data-e-type=\"widget\" data-widget_type=\"heading.default\">\n\t\t\t\t<div class=\"elementor-widget-container\">\n\t\t\t\t\t<h2 class=\"elementor-heading-title elementor-size-default\">Opportunit\u00e9s professionnelles<\/h2>\t\t\t\t<\/div>\n\t\t\t\t<\/div>\n\t\t<div class=\"elementor-element elementor-element-e3827ef e-flex e-con-boxed wpr-particle-no wpr-jarallax-no wpr-parallax-no wpr-sticky-section-no e-con e-child\" data-id=\"e3827ef\" data-element_type=\"container\" data-e-type=\"container\" data-settings=\"{&quot;background_background&quot;:&quot;classic&quot;}\">\n\t\t\t\t\t<div class=\"e-con-inner\">\n\t\t<div class=\"elementor-element elementor-element-9e458e2 e-con-full e-flex wpr-particle-no wpr-jarallax-no wpr-parallax-no wpr-sticky-section-no e-con e-child\" data-id=\"9e458e2\" data-element_type=\"container\" data-e-type=\"container\">\n\t\t\t\t<div class=\"elementor-element elementor-element-83c495f elementor-widget-tablet__width-inherit elementor-widget elementor-widget-heading\" data-id=\"83c495f\" data-element_type=\"widget\" data-e-type=\"widget\" data-widget_type=\"heading.default\">\n\t\t\t\t<div class=\"elementor-widget-container\">\n\t\t\t\t\t<h2 class=\"elementor-heading-title elementor-size-default\">Remplissez ce formulaire ci -dessous<\/h2>\t\t\t\t<\/div>\n\t\t\t\t<\/div>\n\t\t\t\t<\/div>\n\t\t\t\t<div class=\"elementor-element elementor-element-1532ce5 elementor-widget elementor-widget-shortcode\" data-id=\"1532ce5\" data-element_type=\"widget\" data-e-type=\"widget\" data-widget_type=\"shortcode.default\">\n\t\t\t\t<div class=\"elementor-widget-container\">\n\t\t\t\t\t\t\t<div class=\"elementor-shortcode\"><div class=\"forminator-ui forminator-custom-form forminator-custom-form-673 forminator-design--default  forminator_ajax\" data-forminator-render=\"0\" data-form=\"forminator-module-673\" data-uid=\"69e4ab616a92f\"><br\/><\/div><form\n\t\t\t\tid=\"forminator-module-673\"\n\t\t\t\tclass=\"forminator-ui forminator-custom-form forminator-custom-form-673 forminator-design--default  forminator_ajax\"\n\t\t\t\tmethod=\"post\"\n\t\t\t\tdata-forminator-render=\"0\"\n\t\t\t\tdata-form-id=\"673\"\n\t\t\t\tenctype=\"multipart\/form-data\" data-color-option=\"default\" data-design=\"default\" data-grid=\"open\" style=\"display: none;\"\n\t\t\t\tdata-uid=\"69e4ab616a92f\"\n\t\t\t><div role=\"alert\" aria-live=\"polite\" class=\"forminator-response-message forminator-error\" aria-hidden=\"true\"><\/div><div class=\"forminator-row\"><div id=\"name-1\" class=\"forminator-field-name forminator-col forminator-col-12 \"><div class=\"forminator-field\"><label for=\"forminator-field-name-1_69e4ab616a92f\" id=\"forminator-field-name-1_69e4ab616a92f-label\" class=\"forminator-label\">Nom Complet <span class=\"forminator-required\">*<\/span><\/label><input type=\"text\" name=\"name-1\" value=\"\" placeholder=\"\" id=\"forminator-field-name-1_69e4ab616a92f\" class=\"forminator-input forminator-name--field\" aria-required=\"true\" autocomplete=\"name\" \/><\/div><\/div><\/div><div class=\"forminator-row\"><div id=\"phone-1\" class=\"forminator-field-phone forminator-col forminator-col-12 \"><div class=\"forminator-field\"><label for=\"forminator-field-phone-1_69e4ab616a92f\" id=\"forminator-field-phone-1_69e4ab616a92f-label\" class=\"forminator-label\">T\u00e9l\u00e9phone <span class=\"forminator-required\">*<\/span><\/label><input type=\"text\" name=\"phone-1\" value=\"\" placeholder=\"\" id=\"forminator-field-phone-1_69e4ab616a92f\" class=\"forminator-input forminator-field--phone\" data-required=\"1\" aria-required=\"true\" autocomplete=\"off\" \/><\/div><\/div><\/div><div class=\"forminator-row\"><div id=\"email-1\" class=\"forminator-field-email forminator-col forminator-col-12 \"><div class=\"forminator-field\"><label for=\"forminator-field-email-1_69e4ab616a92f\" id=\"forminator-field-email-1_69e4ab616a92f-label\" class=\"forminator-label\">Email <span class=\"forminator-required\">*<\/span><\/label><input type=\"email\" name=\"email-1\" value=\"\" placeholder=\"\" id=\"forminator-field-email-1_69e4ab616a92f\" class=\"forminator-input forminator-email--field\" data-required=\"1\" aria-required=\"true\" autocomplete=\"email\" \/><\/div><\/div><\/div><div class=\"forminator-row\"><div id=\"text-1\" class=\"forminator-field-text forminator-col forminator-col-12 \"><div class=\"forminator-field\"><label for=\"forminator-field-text-1_69e4ab616a92f\" id=\"forminator-field-text-1_69e4ab616a92f-label\" class=\"forminator-label\">Poste que vous postulez pour <span class=\"forminator-required\">*<\/span><\/label><input type=\"text\" name=\"text-1\" value=\"\" placeholder=\"\" id=\"forminator-field-text-1_69e4ab616a92f\" class=\"forminator-input forminator-name--field\" data-required=\"1\" \/><\/div><\/div><\/div><div class=\"forminator-row\"><div id=\"number-1\" class=\"forminator-field-number forminator-col forminator-col-12 \"><div class=\"forminator-field\"><label for=\"forminator-field-number-1_69e4ab616a92f\" id=\"forminator-field-number-1_69e4ab616a92f-label\" class=\"forminator-label\">Ann\u00e9es d&#039;exp\u00e9rience <span class=\"forminator-required\">*<\/span><\/label><input name=\"number-1\" value=\"\" placeholder=\"\" id=\"forminator-field-number-1_69e4ab616a92f\" class=\"forminator-input forminator-number--field\" inputmode=\"decimal\" data-required=\"1\" data-decimals=\"0\" aria-required=\"true\" data-inputmask=\"&#039;groupSeparator&#039;: &#039;&#039;, &#039;radixPoint&#039;: &#039;&#039;, &#039;digits&#039;: &#039;0&#039;\" data-hidden-behavior=\"zero\" type=\"number\" step=\"any\" min=\"0\" max=\"40\" \/><\/div><\/div><\/div><div class=\"forminator-row\"><div id=\"upload-1\" class=\"forminator-field-upload forminator-col forminator-col-12 \"><div class=\"forminator-field\"><label for=\"forminator-field-upload-1_69e4ab616a92f\" id=\"forminator-field-upload-1_69e4ab616a92f-label\" class=\"forminator-label\">T\u00e9l\u00e9verser votre CV <span class=\"forminator-required\">*<\/span><\/label><div class=\"forminator-file-upload \" data-element=\"upload-1_69e4ab616a92f\"><input type=\"file\" name=\"upload-1\" id=\"forminator-field-upload-1_69e4ab616a92f\" class=\"forminator-input-file-required do-validate\" accept=\".svgz,.json,.ttf,.otf,.woff,.eot,.ogg,.docx,.pdf\" tabindex=\"-1\"><button id=\"forminator-field-upload-1_69e4ab616a92f_button\" class=\"forminator-button forminator-button-upload\" data-id=\"forminator-field-upload-1_69e4ab616a92f\">Choisissez un fichier<\/button><span data-empty-text=\"Aucun fichier s\u00e9lectionn\u00e9\">Aucun fichier s\u00e9lectionn\u00e9<\/span><button class=\"forminator-button-delete\" style=\"display: none;\"><i class=\"forminator-icon-close\" aria-hidden=\"true\"><\/i><span class=\"forminator-screen-reader-only\">Supprimer le fichier t\u00e9l\u00e9vers\u00e9<\/span><\/button><\/div><\/div><\/div><\/div><input type=\"hidden\" name=\"referer_url\" value=\"\" \/><div class=\"forminator-row forminator-row-last\"><div class=\"forminator-col\"><div class=\"forminator-field\"><button class=\"forminator-button forminator-button-submit\">Envoyer le message<\/button><\/div><\/div><\/div><input type=\"hidden\" id=\"forminator_nonce\" name=\"forminator_nonce\" value=\"3ec1d80f35\" \/><input type=\"hidden\" name=\"_wp_http_referer\" value=\"\/index.php?rest_route=%2Fwp%2Fv2%2Fpages%2F634\" \/><input type=\"hidden\" name=\"form_id\" value=\"673\"><input type=\"hidden\" name=\"page_id\" value=\"634\"><input type=\"hidden\" name=\"form_type\" value=\"default\"><input type=\"hidden\" name=\"current_url\" value=\"https:\/\/eis-ekagroup.com\/?page_id=634\"><input type=\"hidden\" name=\"render_id\" value=\"0\"><input type=\"hidden\" name=\"action\" value=\"forminator_submit_form_custom-forms\"><\/form><\/div>\n\t\t\t\t\t\t<\/div>\n\t\t\t\t<\/div>\n\t\t\t\t\t<\/div>\n\t\t\t\t<\/div>\n\t\t\t\t\t<\/div>\n\t\t\t\t<\/div>\n\t\t\t\t<\/div>\n\t\t","protected":false},"excerpt":{"rendered":"<p>Opportunit\u00e9s professionnelles Remplissez ce formulaire ci -dessous<\/p>\n","protected":false},"author":2,"featured_media":0,"parent":0,"menu_order":0,"comment_status":"closed","ping_status":"closed","template":"elementor_header_footer","meta":{"_eb_attr":"","footnotes":""},"class_list":["post-634","page","type-page","status-publish","hentry"],"_links":{"self":[{"href":"https:\/\/eis-ekagroup.com\/index.php?rest_route=\/wp\/v2\/pages\/634","targetHints":{"allow":["GET"]}}],"collection":[{"href":"https:\/\/eis-ekagroup.com\/index.php?rest_route=\/wp\/v2\/pages"}],"about":[{"href":"https:\/\/eis-ekagroup.com\/index.php?rest_route=\/wp\/v2\/types\/page"}],"author":[{"embeddable":true,"href":"https:\/\/eis-ekagroup.com\/index.php?rest_route=\/wp\/v2\/users\/2"}],"replies":[{"embeddable":true,"href":"https:\/\/eis-ekagroup.com\/index.php?rest_route=%2Fwp%2Fv2%2Fcomments&post=634"}],"version-history":[{"count":37,"href":"https:\/\/eis-ekagroup.com\/index.php?rest_route=\/wp\/v2\/pages\/634\/revisions"}],"predecessor-version":[{"id":695,"href":"https:\/\/eis-ekagroup.com\/index.php?rest_route=\/wp\/v2\/pages\/634\/revisions\/695"}],"wp:attachment":[{"href":"https:\/\/eis-ekagroup.com\/index.php?rest_route=%2Fwp%2Fv2%2Fmedia&parent=634"}],"curies":[{"name":"wp","href":"https:\/\/api.w.org\/{rel}","templated":true}]}}