{"id":68,"date":"2024-06-14T10:19:33","date_gmt":"2024-06-14T08:19:33","guid":{"rendered":"http:\/\/127.0.0.1\/eka-groupe\/?page_id=68"},"modified":"2025-04-03T15:49:14","modified_gmt":"2025-04-03T13:49:14","slug":"services","status":"publish","type":"page","link":"https:\/\/eis-ekagroup.com\/?page_id=68","title":{"rendered":"Services"},"content":{"rendered":"<style>.elementor-68 .elementor-element.elementor-element-b701881:not(.elementor-motion-effects-element-type-background), .elementor-68 .elementor-element.elementor-element-b701881 > .elementor-motion-effects-container > .elementor-motion-effects-layer{background-image:url(\"https:\/\/eis-ekagroup.com\/wp-content\/uploads\/2024\/06\/1ba12956-artesian-services-bg.png\");}.elementor-68 .elementor-element.elementor-element-b701881{transition:background 0.3s, border 0.3s, border-radius 0.3s, box-shadow 0.3s;padding:60px 0px 60px 0px;}.elementor-68 .elementor-element.elementor-element-b701881 > .elementor-background-overlay{transition:background 0.3s, border-radius 0.3s, opacity 0.3s;}.elementor-68 .elementor-element.elementor-element-8734951.elementor-column > .elementor-widget-wrap{justify-content:center;}.elementor-68 .elementor-element.elementor-element-8734951 > .elementor-widget-wrap > .elementor-widget:not(.elementor-widget__width-auto):not(.elementor-widget__width-initial):not(:last-child):not(.elementor-absolute){margin-block-end:10px;}.elementor-widget-heading .elementor-heading-title{font-family:var( --e-global-typography-primary-font-family ), Sans-serif;font-weight:var( --e-global-typography-primary-font-weight );color:var( --e-global-color-primary );}.elementor-68 .elementor-element.elementor-element-90cc437{text-align:center;}.elementor-68 .elementor-element.elementor-element-90cc437 .elementor-heading-title{font-family:\"Poppins\", Sans-serif;font-size:1rem;font-weight:700;text-transform:uppercase;color:#ED1C24;}.elementor-68 .elementor-element.elementor-element-013e222{text-align:center;width:var( --container-widget-width, 70% );max-width:70%;--container-widget-width:70%;--container-widget-flex-grow:0;}.elementor-68 .elementor-element.elementor-element-013e222 .elementor-heading-title{font-family:\"Poppins\", Sans-serif;font-size:2.5rem;font-weight:700;line-height:1.2em;color:#000000;}.elementor-68 .elementor-element.elementor-element-9bbb061{margin-top:30px;margin-bottom:0px;}.elementor-68 .elementor-element.elementor-element-f5f6b10 .eael-infobox .infobox-icon{align-self:center;}.elementor-68 .elementor-element.elementor-element-f5f6b10 .eael_infobox_button_icon_right{margin-left:10px;}.elementor-68 .elementor-element.elementor-element-f5f6b10 .eael_infobox_button_icon_left{margin-right:10px;}.elementor-68 .elementor-element.elementor-element-f5f6b10 .eael-infobox .infobox-button .eael-infobox-button svg{rotate:0deg;height:16px;width:16px;}.elementor-68 .elementor-element.elementor-element-f5f6b10 .eael-infobox .infobox-button .eael-infobox-button i{rotate:0deg;font-size:16px;}.elementor-68 .elementor-element.elementor-element-f5f6b10 .eael-infobox .infobox-icon img{width:366px;padding:0px 0px 44px 0px;}.elementor-68 .elementor-element.elementor-element-f5f6b10 .eael-infobox.icon-on-left .infobox-icon{width:366px;}.elementor-68 .elementor-element.elementor-element-f5f6b10 .eael-infobox.icon-on-right .infobox-icon{width:366px;}.elementor-68 .elementor-element.elementor-element-f5f6b10 .eael-infobox .infobox-button .eael-infobox-button .infobox-button-text{font-family:\"Poppins\", Sans-serif;font-size:1rem;font-weight:500;}.elementor-68 .elementor-element.elementor-element-f5f6b10 .eael-infobox .infobox-button .eael-infobox-button img{height:16px;width:16px;}.elementor-68 .elementor-element.elementor-element-f5f6b10 .eael-infobox .infobox-button a.eael-infobox-button{padding:0px 0px 0px 0px;}.elementor-68 .elementor-element.elementor-element-f5f6b10 .eael-infobox .eael-infobox-button{color:#ED1C24;}.elementor-68 .elementor-element.elementor-element-f5f6b10 .eael-infobox .eael-infobox-button svg{fill:#ED1C24;}.elementor-68 .elementor-element.elementor-element-f5f6b10 .eael-infobox .eael-infobox-button:hover{color:#0D4B89;}.elementor-68 .elementor-element.elementor-element-f5f6b10 .eael-infobox .eael-infobox-button:hover svg{fill:#0D4B89;}.elementor-68 .elementor-element.elementor-element-f5f6b10 .eael-infobox .infobox-content .title{color:#1D1D1D;font-family:\"Poppins\", Sans-serif;font-size:1.2rem;line-height:1.2em;margin:0px 0px 0px 0px;}.elementor-68 .elementor-element.elementor-element-f5f6b10 .eael-infobox .infobox-content p{color:#5A5B6A;font-family:\"Poppins\", Sans-serif;line-height:1.5em;}.elementor-68 .elementor-element.elementor-element-f5f6b10 .eael-infobox:hover .infobox-content h4{transition:100ms;}.elementor-68 .elementor-element.elementor-element-f5f6b10 .eael-infobox:hover .infobox-content p{transition:100ms;}.elementor-68 .elementor-element.elementor-element-f5f6b10 > .elementor-widget-container{margin:10px 10px 10px 10px;padding:50px 20px 50px 20px;background-color:#FFFFFF;box-shadow:0px 3px 25px 0px rgba(0, 0, 0, 0.2);}.elementor-68 .elementor-element.elementor-element-f5f6b10:hover .elementor-widget-container{box-shadow:0px 3px 30px 0px rgba(0, 0, 0, 0.3);}.elementor-68 .elementor-element.elementor-element-b070b78 .eael-infobox .infobox-icon{align-self:center;}.elementor-68 .elementor-element.elementor-element-b070b78 .eael_infobox_button_icon_right{margin-left:10px;}.elementor-68 .elementor-element.elementor-element-b070b78 .eael_infobox_button_icon_left{margin-right:10px;}.elementor-68 .elementor-element.elementor-element-b070b78 .eael-infobox .infobox-button .eael-infobox-button svg{rotate:0deg;height:16px;width:16px;}.elementor-68 .elementor-element.elementor-element-b070b78 .eael-infobox .infobox-button .eael-infobox-button i{rotate:0deg;font-size:16px;}.elementor-68 .elementor-element.elementor-element-b070b78 .eael-infobox .infobox-icon img{width:366px;padding:0px 0px 26px 0px;}.elementor-68 .elementor-element.elementor-element-b070b78 .eael-infobox.icon-on-left .infobox-icon{width:366px;}.elementor-68 .elementor-element.elementor-element-b070b78 .eael-infobox.icon-on-right .infobox-icon{width:366px;}.elementor-68 .elementor-element.elementor-element-b070b78 .eael-infobox .infobox-button .eael-infobox-button .infobox-button-text{font-family:\"Poppins\", Sans-serif;font-size:1rem;font-weight:500;}.elementor-68 .elementor-element.elementor-element-b070b78 .eael-infobox .infobox-button .eael-infobox-button img{height:16px;width:16px;}.elementor-68 .elementor-element.elementor-element-b070b78 .eael-infobox .infobox-button a.eael-infobox-button{padding:0px 0px 0px 0px;}.elementor-68 .elementor-element.elementor-element-b070b78 .eael-infobox .eael-infobox-button{color:#ED1C24;}.elementor-68 .elementor-element.elementor-element-b070b78 .eael-infobox .eael-infobox-button svg{fill:#ED1C24;}.elementor-68 .elementor-element.elementor-element-b070b78 .eael-infobox .eael-infobox-button:hover{color:#0D4B89;}.elementor-68 .elementor-element.elementor-element-b070b78 .eael-infobox .eael-infobox-button:hover svg{fill:#0D4B89;}.elementor-68 .elementor-element.elementor-element-b070b78 .eael-infobox .infobox-content .title{color:#1D1D1D;font-family:\"Poppins\", Sans-serif;font-size:1.2rem;line-height:1.2em;margin:0px 0px 0px 0px;}.elementor-68 .elementor-element.elementor-element-b070b78 .eael-infobox .infobox-content p{color:#5A5B6A;font-family:\"Poppins\", Sans-serif;line-height:1.5em;}.elementor-68 .elementor-element.elementor-element-b070b78 .eael-infobox:hover .infobox-content h4{transition:100ms;}.elementor-68 .elementor-element.elementor-element-b070b78 .eael-infobox:hover .infobox-content p{transition:100ms;}.elementor-68 .elementor-element.elementor-element-b070b78 > .elementor-widget-container{margin:10px 10px 10px 10px;padding:50px 20px 50px 20px;background-color:#FFFFFF;box-shadow:0px 3px 25px 0px rgba(0, 0, 0, 0.2);}.elementor-68 .elementor-element.elementor-element-b070b78:hover .elementor-widget-container{box-shadow:0px 3px 30px 0px rgba(0, 0, 0, 0.3);}.elementor-68 .elementor-element.elementor-element-e1a6275 .eael-infobox .infobox-icon{align-self:center;}.elementor-68 .elementor-element.elementor-element-e1a6275 .eael_infobox_button_icon_right{margin-left:10px;}.elementor-68 .elementor-element.elementor-element-e1a6275 .eael_infobox_button_icon_left{margin-right:10px;}.elementor-68 .elementor-element.elementor-element-e1a6275 .eael-infobox .infobox-button .eael-infobox-button svg{rotate:0deg;height:16px;width:16px;}.elementor-68 .elementor-element.elementor-element-e1a6275 .eael-infobox .infobox-button .eael-infobox-button i{rotate:0deg;font-size:16px;}.elementor-68 .elementor-element.elementor-element-e1a6275 .eael-infobox .infobox-icon img{width:366px;padding:0px 0px 10px 0px;}.elementor-68 .elementor-element.elementor-element-e1a6275 .eael-infobox.icon-on-left .infobox-icon{width:366px;}.elementor-68 .elementor-element.elementor-element-e1a6275 .eael-infobox.icon-on-right .infobox-icon{width:366px;}.elementor-68 .elementor-element.elementor-element-e1a6275 .eael-infobox .infobox-button .eael-infobox-button .infobox-button-text{font-family:\"Poppins\", Sans-serif;font-size:1rem;font-weight:500;}.elementor-68 .elementor-element.elementor-element-e1a6275 .eael-infobox .infobox-button .eael-infobox-button img{height:16px;width:16px;}.elementor-68 .elementor-element.elementor-element-e1a6275 .eael-infobox .infobox-button a.eael-infobox-button{padding:0px 0px 0px 0px;}.elementor-68 .elementor-element.elementor-element-e1a6275 .eael-infobox .eael-infobox-button{color:#ED1C24;}.elementor-68 .elementor-element.elementor-element-e1a6275 .eael-infobox .eael-infobox-button svg{fill:#ED1C24;}.elementor-68 .elementor-element.elementor-element-e1a6275 .eael-infobox .eael-infobox-button:hover{color:#0D4B89;}.elementor-68 .elementor-element.elementor-element-e1a6275 .eael-infobox .eael-infobox-button:hover svg{fill:#0D4B89;}.elementor-68 .elementor-element.elementor-element-e1a6275 .eael-infobox .infobox-content .title{color:#1D1D1D;font-family:\"Poppins\", Sans-serif;font-size:1.2rem;line-height:1.2em;margin:0px 0px 0px 0px;}.elementor-68 .elementor-element.elementor-element-e1a6275 .eael-infobox .infobox-content p{color:#5A5B6A;font-family:\"Poppins\", Sans-serif;line-height:1.5em;}.elementor-68 .elementor-element.elementor-element-e1a6275 .eael-infobox:hover .infobox-content h4{transition:100ms;}.elementor-68 .elementor-element.elementor-element-e1a6275 .eael-infobox:hover .infobox-content p{transition:100ms;}.elementor-68 .elementor-element.elementor-element-e1a6275 > .elementor-widget-container{margin:10px 10px 10px 10px;padding:50px 20px 50px 20px;background-color:#FFFFFF;box-shadow:0px 3px 25px 0px rgba(0, 0, 0, 0.2);}.elementor-68 .elementor-element.elementor-element-e1a6275:hover .elementor-widget-container{box-shadow:0px 3px 30px 0px rgba(0, 0, 0, 0.3);}@media(max-width:1024px){.elementor-68 .elementor-element.elementor-element-b701881{padding:30px 0px 30px 0px;}.elementor-68 .elementor-element.elementor-element-013e222{width:100%;max-width:100%;}.elementor-68 .elementor-element.elementor-element-f5f6b10 > .elementor-widget-container{margin:0px 0px 0px 0px;padding:16px 16px 16px 16px;}.elementor-68 .elementor-element.elementor-element-b070b78 > .elementor-widget-container{margin:0px 0px 0px 0px;padding:16px 16px 16px 16px;}.elementor-68 .elementor-element.elementor-element-e1a6275 > .elementor-widget-container{margin:0px 0px 0px 0px;padding:16px 16px 16px 16px;}}@media(max-width:767px){.elementor-68 .elementor-element.elementor-element-013e222 .elementor-heading-title{font-size:1.4rem;}}<\/style>\t\t<div data-elementor-type=\"wp-page\" data-elementor-id=\"68\" class=\"elementor elementor-68\">\n\t\t\t\t\t\t<section class=\"elementor-section elementor-top-section elementor-element elementor-element-b701881 elementor-section-boxed elementor-section-height-default elementor-section-height-default wpr-particle-no wpr-jarallax-no wpr-parallax-no wpr-sticky-section-no\" data-id=\"b701881\" data-element_type=\"section\" data-e-type=\"section\" data-settings=\"{&quot;background_background&quot;:&quot;classic&quot;}\">\n\t\t\t\t\t\t<div class=\"elementor-container elementor-column-gap-default\">\n\t\t\t\t\t<div class=\"elementor-column elementor-col-100 elementor-top-column elementor-element elementor-element-a1c9896\" data-id=\"a1c9896\" data-element_type=\"column\" data-e-type=\"column\">\n\t\t\t<div class=\"elementor-widget-wrap elementor-element-populated\">\n\t\t\t\t\t\t<section class=\"elementor-section elementor-inner-section elementor-element elementor-element-aa43ff7 elementor-section-boxed elementor-section-height-default elementor-section-height-default wpr-particle-no wpr-jarallax-no wpr-parallax-no wpr-sticky-section-no elementor-invisible\" data-id=\"aa43ff7\" data-element_type=\"section\" data-e-type=\"section\" data-settings=\"{&quot;animation&quot;:&quot;fadeInUp&quot;}\">\n\t\t\t\t\t\t<div class=\"elementor-container elementor-column-gap-default\">\n\t\t\t\t\t<div class=\"elementor-column elementor-col-100 elementor-inner-column elementor-element elementor-element-8734951\" data-id=\"8734951\" data-element_type=\"column\" data-e-type=\"column\">\n\t\t\t<div class=\"elementor-widget-wrap elementor-element-populated\">\n\t\t\t\t\t\t<div class=\"elementor-element elementor-element-90cc437 elementor-widget elementor-widget-heading\" data-id=\"90cc437\" data-element_type=\"widget\" data-e-type=\"widget\" data-widget_type=\"heading.default\">\n\t\t\t\t<div class=\"elementor-widget-container\">\n\t\t\t\t\t<h5 class=\"elementor-heading-title elementor-size-default\">Service<\/h5>\t\t\t\t<\/div>\n\t\t\t\t<\/div>\n\t\t\t\t<div class=\"elementor-element elementor-element-013e222 elementor-widget__width-initial elementor-widget-tablet__width-inherit elementor-widget elementor-widget-heading\" data-id=\"013e222\" data-element_type=\"widget\" data-e-type=\"widget\" data-widget_type=\"heading.default\">\n\t\t\t\t<div class=\"elementor-widget-container\">\n\t\t\t\t\t<h2 class=\"elementor-heading-title elementor-size-default\">Les services que Nous rendons<\/h2>\t\t\t\t<\/div>\n\t\t\t\t<\/div>\n\t\t\t\t\t<\/div>\n\t\t<\/div>\n\t\t\t\t\t<\/div>\n\t\t<\/section>\n\t\t\t\t<section class=\"elementor-section elementor-inner-section elementor-element elementor-element-9bbb061 elementor-section-boxed elementor-section-height-default elementor-section-height-default wpr-particle-no wpr-jarallax-no wpr-parallax-no wpr-sticky-section-no\" data-id=\"9bbb061\" data-element_type=\"section\" data-e-type=\"section\">\n\t\t\t\t\t\t<div class=\"elementor-container elementor-column-gap-default\">\n\t\t\t\t\t<div class=\"elementor-column elementor-col-33 elementor-inner-column elementor-element elementor-element-eba3cee\" data-id=\"eba3cee\" data-element_type=\"column\" data-e-type=\"column\" data-settings=\"{&quot;ep_floating_effects_show&quot;:&quot;yes&quot;,&quot;ep_floating_effects_translate_toggle&quot;:&quot;yes&quot;,&quot;ep_floating_effects_skew_toggle&quot;:&quot;yes&quot;,&quot;ep_floating_effects_skew_x&quot;:{&quot;unit&quot;:&quot;px&quot;,&quot;size&quot;:&quot;&quot;,&quot;sizes&quot;:{&quot;from&quot;:1,&quot;to&quot;:8}},&quot;ep_floating_effects_translate_x&quot;:{&quot;unit&quot;:&quot;px&quot;,&quot;size&quot;:&quot;&quot;,&quot;sizes&quot;:{&quot;from&quot;:0,&quot;to&quot;:0}},&quot;ep_floating_effects_translate_y&quot;:{&quot;unit&quot;:&quot;px&quot;,&quot;size&quot;:&quot;&quot;,&quot;sizes&quot;:{&quot;from&quot;:0,&quot;to&quot;:30}},&quot;ep_floating_effects_translate_duration&quot;:{&quot;unit&quot;:&quot;px&quot;,&quot;size&quot;:1000,&quot;sizes&quot;:[]},&quot;ep_floating_effects_translate_delay&quot;:{&quot;unit&quot;:&quot;px&quot;,&quot;size&quot;:&quot;&quot;,&quot;sizes&quot;:[]},&quot;ep_floating_effects_skew_y&quot;:{&quot;unit&quot;:&quot;px&quot;,&quot;size&quot;:&quot;&quot;,&quot;sizes&quot;:{&quot;from&quot;:1,&quot;to&quot;:1.5}},&quot;ep_floating_effects_skew_duration&quot;:{&quot;unit&quot;:&quot;px&quot;,&quot;size&quot;:1000,&quot;sizes&quot;:[]},&quot;ep_floating_effects_skew_delay&quot;:{&quot;unit&quot;:&quot;px&quot;,&quot;size&quot;:&quot;&quot;,&quot;sizes&quot;:[]},&quot;ep_floating_effects_easing&quot;:&quot;easeInOutQuad&quot;}\">\n\t\t\t<div class=\"elementor-widget-wrap elementor-element-populated\">\n\t\t\t\t\t\t<div class=\"elementor-element elementor-element-f5f6b10 eael-infobox-content-align--center eael-infobox-shape-square eael-infobox-hover-img-shape-square elementor-invisible elementor-widget elementor-widget-eael-info-box\" data-id=\"f5f6b10\" data-element_type=\"widget\" data-e-type=\"widget\" data-settings=\"{&quot;_animation&quot;:&quot;fadeInLeft&quot;}\" data-widget_type=\"eael-info-box.default\">\n\t\t\t\t<div class=\"elementor-widget-container\">\n\t\t\t\t\t        <div class=\"eael-infobox icon-on-top\">\n\t            <div class=\"infobox-icon\">\n\n                            <img decoding=\"async\" src=\"https:\/\/eis-ekagroup.com\/wp-content\/uploads\/2024\/06\/Materials-In-Construction1.jpg\" alt=\"\">\n            \n            \n            \n        <\/div>\n            <div class=\"infobox-content\">\n                    <div class=\"infobox-title-section\">\n                <h2 class=\"title\"> Fourniture du mat\u00e9riel de construction<\/h2>            <\/div>\n            <div><p>Nous sommes \u00e0 l&rsquo;\u00e9coute du march\u00e9 et des clients, afin de fournir du mat\u00e9riel de qualit\u00e9 r\u00e9pondant leurs besoins&#8230;.<\/p><\/div>        <div class=\"infobox-button\">\n            <a class=\"eael-infobox-button\" href=\"#\">\n                                                <span class=\"infobox-button-text\">Voir plus<\/span>\n                                                            <svg aria-hidden=\"true\" class=\"eael_infobox_button_icon_right e-font-icon-svg e-fas-long-arrow-alt-right\" viewBox=\"0 0 448 512\" xmlns=\"http:\/\/www.w3.org\/2000\/svg\"><path d=\"M313.941 216H12c-6.627 0-12 5.373-12 12v56c0 6.627 5.373 12 12 12h301.941v46.059c0 21.382 25.851 32.09 40.971 16.971l86.059-86.059c9.373-9.373 9.373-24.569 0-33.941l-86.059-86.059c-15.119-15.119-40.971-4.411-40.971 16.971V216z\"><\/path><\/svg>                                                <\/a>\n        <\/div>\n            <\/div>\n            <\/div>\n\n\t\t\t\t\t\t<\/div>\n\t\t\t\t<\/div>\n\t\t\t\t\t<\/div>\n\t\t<\/div>\n\t\t\t\t<div class=\"elementor-column elementor-col-33 elementor-inner-column elementor-element elementor-element-810cbf3\" data-id=\"810cbf3\" data-element_type=\"column\" data-e-type=\"column\">\n\t\t\t<div class=\"elementor-widget-wrap elementor-element-populated\">\n\t\t\t\t\t\t<div class=\"elementor-element elementor-element-b070b78 eael-infobox-content-align--center eael-infobox-shape-square eael-infobox-hover-img-shape-square elementor-invisible elementor-widget elementor-widget-eael-info-box\" data-id=\"b070b78\" data-element_type=\"widget\" data-e-type=\"widget\" data-settings=\"{&quot;_animation&quot;:&quot;fadeInUp&quot;}\" data-widget_type=\"eael-info-box.default\">\n\t\t\t\t<div class=\"elementor-widget-container\">\n\t\t\t\t\t        <div class=\"eael-infobox icon-on-top\">\n\t            <div class=\"infobox-icon\">\n\n                            <img decoding=\"async\" src=\"https:\/\/eis-ekagroup.com\/wp-content\/uploads\/2024\/06\/maxresdefault.jpg\" alt=\"\">\n            \n            \n            \n        <\/div>\n            <div class=\"infobox-content\">\n                    <div class=\"infobox-title-section\">\n                <h2 class=\"title\"> Formation professionnelle<\/h2>            <\/div>\n            <div><p>Que vous soyez salari\u00e9, employ\u00e9 ou demandeur d\u2019emploi, nous donnons une formation accessible a tous, qui vous permettra tout au long de votre carri\u00e8re &#8230;\u00a0<\/p><\/div>        <div class=\"infobox-button\">\n            <a class=\"eael-infobox-button\" href=\"#\">\n                                                <span class=\"infobox-button-text\">Voir plus<\/span>\n                                                            <svg aria-hidden=\"true\" class=\"eael_infobox_button_icon_right e-font-icon-svg e-fas-long-arrow-alt-right\" viewBox=\"0 0 448 512\" xmlns=\"http:\/\/www.w3.org\/2000\/svg\"><path d=\"M313.941 216H12c-6.627 0-12 5.373-12 12v56c0 6.627 5.373 12 12 12h301.941v46.059c0 21.382 25.851 32.09 40.971 16.971l86.059-86.059c9.373-9.373 9.373-24.569 0-33.941l-86.059-86.059c-15.119-15.119-40.971-4.411-40.971 16.971V216z\"><\/path><\/svg>                                                <\/a>\n        <\/div>\n            <\/div>\n            <\/div>\n\n\t\t\t\t\t\t<\/div>\n\t\t\t\t<\/div>\n\t\t\t\t\t<\/div>\n\t\t<\/div>\n\t\t\t\t<div class=\"elementor-column elementor-col-33 elementor-inner-column elementor-element elementor-element-fd82839\" data-id=\"fd82839\" data-element_type=\"column\" data-e-type=\"column\">\n\t\t\t<div class=\"elementor-widget-wrap elementor-element-populated\">\n\t\t\t\t\t\t<div class=\"elementor-element elementor-element-e1a6275 eael-infobox-content-align--center eael-infobox-shape-square eael-infobox-hover-img-shape-square elementor-invisible elementor-widget elementor-widget-eael-info-box\" data-id=\"e1a6275\" data-element_type=\"widget\" data-e-type=\"widget\" data-settings=\"{&quot;_animation&quot;:&quot;fadeInRight&quot;,&quot;ep_floating_effects_show&quot;:&quot;yes&quot;,&quot;ep_floating_effects_easing&quot;:&quot;easeInOutQuad&quot;}\" data-widget_type=\"eael-info-box.default\">\n\t\t\t\t<div class=\"elementor-widget-container\">\n\t\t\t\t\t        <div class=\"eael-infobox icon-on-top\">\n\t            <div class=\"infobox-icon\">\n\n                            <img decoding=\"async\" src=\"https:\/\/eis-ekagroup.com\/wp-content\/uploads\/2024\/06\/file-20181009-72124-167dy65.jpg\" alt=\"\">\n            \n            \n            \n        <\/div>\n            <div class=\"infobox-content\">\n                    <div class=\"infobox-title-section\">\n                <h2 class=\"title\">R\u00e9alisation d'une \u00e9tude technique<\/h2>            <\/div>\n            <div><p>Nos experts analysent les aspects techniques et vous proposent des solutions viables gr\u00e2ce \u00e0 notre expertise approfondie.<\/p><\/div>        <div class=\"infobox-button\">\n            <a class=\"eael-infobox-button\" href=\"#\">\n                                                <span class=\"infobox-button-text\">Voir plus<\/span>\n                                                            <svg aria-hidden=\"true\" class=\"eael_infobox_button_icon_right e-font-icon-svg e-fas-long-arrow-alt-right\" viewBox=\"0 0 448 512\" xmlns=\"http:\/\/www.w3.org\/2000\/svg\"><path d=\"M313.941 216H12c-6.627 0-12 5.373-12 12v56c0 6.627 5.373 12 12 12h301.941v46.059c0 21.382 25.851 32.09 40.971 16.971l86.059-86.059c9.373-9.373 9.373-24.569 0-33.941l-86.059-86.059c-15.119-15.119-40.971-4.411-40.971 16.971V216z\"><\/path><\/svg>                                                <\/a>\n        <\/div>\n            <\/div>\n            <\/div>\n\n\t\t\t\t\t\t<\/div>\n\t\t\t\t<\/div>\n\t\t\t\t\t<\/div>\n\t\t<\/div>\n\t\t\t\t\t<\/div>\n\t\t<\/section>\n\t\t\t\t\t<\/div>\n\t\t<\/div>\n\t\t\t\t\t<\/div>\n\t\t<\/section>\n\t\t\t\t<\/div>\n\t\t","protected":false},"excerpt":{"rendered":"<p>Service Les services que Nous rendons Fourniture du mat\u00e9riel de construction Nous sommes \u00e0 l&rsquo;\u00e9coute du march\u00e9 et des clients, afin de fournir du mat\u00e9riel de qualit\u00e9 r\u00e9pondant leurs besoins&#8230;. Voir plus Formation professionnelle Que vous soyez salari\u00e9, employ\u00e9 ou demandeur d\u2019emploi, nous donnons une formation accessible a tous, qui vous permettra tout au long de votre carri\u00e8re &#8230;\u00a0 Voir plus R\u00e9alisation d&rsquo;une \u00e9tude technique Nos experts analysent les aspects techniques et vous proposent des solutions viables gr\u00e2ce \u00e0 notre expertise approfondie. Voir plus<\/p>\n","protected":false},"author":2,"featured_media":0,"parent":0,"menu_order":0,"comment_status":"closed","ping_status":"closed","template":"elementor_header_footer","meta":{"_eb_attr":"","footnotes":""},"class_list":["post-68","page","type-page","status-publish","hentry"],"_links":{"self":[{"href":"https:\/\/eis-ekagroup.com\/index.php?rest_route=\/wp\/v2\/pages\/68","targetHints":{"allow":["GET"]}}],"collection":[{"href":"https:\/\/eis-ekagroup.com\/index.php?rest_route=\/wp\/v2\/pages"}],"about":[{"href":"https:\/\/eis-ekagroup.com\/index.php?rest_route=\/wp\/v2\/types\/page"}],"author":[{"embeddable":true,"href":"https:\/\/eis-ekagroup.com\/index.php?rest_route=\/wp\/v2\/users\/2"}],"replies":[{"embeddable":true,"href":"https:\/\/eis-ekagroup.com\/index.php?rest_route=%2Fwp%2Fv2%2Fcomments&post=68"}],"version-history":[{"count":10,"href":"https:\/\/eis-ekagroup.com\/index.php?rest_route=\/wp\/v2\/pages\/68\/revisions"}],"predecessor-version":[{"id":932,"href":"https:\/\/eis-ekagroup.com\/index.php?rest_route=\/wp\/v2\/pages\/68\/revisions\/932"}],"wp:attachment":[{"href":"https:\/\/eis-ekagroup.com\/index.php?rest_route=%2Fwp%2Fv2%2Fmedia&parent=68"}],"curies":[{"name":"wp","href":"https:\/\/api.w.org\/{rel}","templated":true}]}}